{"id":18,"date":"2024-01-08T15:26:32","date_gmt":"2024-01-08T14:26:32","guid":{"rendered":"https:\/\/isabellebourgne.com\/?page_id=18"},"modified":"2024-02-13T15:48:20","modified_gmt":"2024-02-13T14:48:20","slug":"expositions-et-stages","status":"publish","type":"page","link":"https:\/\/isabellebourgne.com\/index.php\/expositions-et-stages\/","title":{"rendered":"Expositions et Stages"},"content":{"rendered":"\t\t<div data-elementor-type=\"wp-page\" data-elementor-id=\"18\" class=\"elementor elementor-18\">\n\t\t\t\t<div class=\"elementor-element elementor-element-0e299a3 e-con-full e-flex e-con e-parent\" data-id=\"0e299a3\" data-element_type=\"container\" data-e-type=\"container\">\n\t\t\t\t<div class=\"elementor-element elementor-element-ad73f6a elementor-widget elementor-widget-spacer\" data-id=\"ad73f6a\" data-element_type=\"widget\" data-e-type=\"widget\" data-widget_type=\"spacer.default\">\n\t\t\t\t<div class=\"elementor-widget-container\">\n\t\t\t\t\t\t\t<div class=\"elementor-spacer\">\n\t\t\t<div class=\"elementor-spacer-inner\"><\/div>\n\t\t<\/div>\n\t\t\t\t\t\t<\/div>\n\t\t\t\t<\/div>\n\t\t\t\t<\/div>\n\t\t<div class=\"elementor-element elementor-element-0d9796c e-flex e-con-boxed e-con e-parent\" data-id=\"0d9796c\" data-element_type=\"container\" data-e-type=\"container\">\n\t\t\t\t\t<div class=\"e-con-inner\">\n\t\t<div class=\"elementor-element elementor-element-3e79e55 e-con-full e-flex e-con e-child\" data-id=\"3e79e55\" data-element_type=\"container\" data-e-type=\"container\">\n\t\t\t\t<div class=\"elementor-element elementor-element-e567890 elementor-widget elementor-widget-spacer\" data-id=\"e567890\" data-element_type=\"widget\" data-e-type=\"widget\" data-widget_type=\"spacer.default\">\n\t\t\t\t<div class=\"elementor-widget-container\">\n\t\t\t\t\t\t\t<div class=\"elementor-spacer\">\n\t\t\t<div class=\"elementor-spacer-inner\"><\/div>\n\t\t<\/div>\n\t\t\t\t\t\t<\/div>\n\t\t\t\t<\/div>\n\t\t\t\t<div class=\"elementor-element elementor-element-9a370bb elementor-widget elementor-widget-heading\" data-id=\"9a370bb\" data-element_type=\"widget\" data-e-type=\"widget\" data-widget_type=\"heading.default\">\n\t\t\t\t<div class=\"elementor-widget-container\">\n\t\t\t\t\t<h2 class=\"elementor-heading-title elementor-size-default\">Expositions<\/h2>\t\t\t\t<\/div>\n\t\t\t\t<\/div>\n\t\t\t\t<div class=\"elementor-element elementor-element-44fec1a elementor-widget elementor-widget-text-editor\" data-id=\"44fec1a\" data-element_type=\"widget\" data-e-type=\"widget\" data-widget_type=\"text-editor.default\">\n\t\t\t\t<div class=\"elementor-widget-container\">\n\t\t\t\t\t\t\t\t\t<p>Je vous invite \u00e0 d\u00e9couvrir les dates des futures expositions ou march\u00e9s de No\u00ebl o\u00f9 vous pourrez retrouver mes nouvelles cr\u00e9ations et\/ou d\u00e9couvrir mon travail.<\/p>\t\t\t\t\t\t\t\t<\/div>\n\t\t\t\t<\/div>\n\t\t\t\t<div class=\"elementor-element elementor-element-1508f34 elementor-widget elementor-widget-text-editor\" data-id=\"1508f34\" data-element_type=\"widget\" data-e-type=\"widget\" data-widget_type=\"text-editor.default\">\n\t\t\t\t<div class=\"elementor-widget-container\">\n\t\t\t\t\t\t\t\t\t<p>Me contacter :\u00a0 contact@isabellebourgne.com<\/p>\t\t\t\t\t\t\t\t<\/div>\n\t\t\t\t<\/div>\n\t\t\t\t<div class=\"elementor-element elementor-element-1126892 elementor-widget elementor-widget-spacer\" data-id=\"1126892\" data-element_type=\"widget\" data-e-type=\"widget\" data-widget_type=\"spacer.default\">\n\t\t\t\t<div class=\"elementor-widget-container\">\n\t\t\t\t\t\t\t<div class=\"elementor-spacer\">\n\t\t\t<div class=\"elementor-spacer-inner\"><\/div>\n\t\t<\/div>\n\t\t\t\t\t\t<\/div>\n\t\t\t\t<\/div>\n\t\t\t\t<div class=\"elementor-element elementor-element-24c8910 elementor-align-center elementor-widget elementor-widget-button\" data-id=\"24c8910\" data-element_type=\"widget\" data-e-type=\"widget\" data-widget_type=\"button.default\">\n\t\t\t\t<div class=\"elementor-widget-container\">\n\t\t\t\t\t\t\t\t\t<div class=\"elementor-button-wrapper\">\n\t\t\t\t\t<a class=\"elementor-button elementor-button-link elementor-size-sm elementor-animation-grow\" href=\"https:\/\/isabellebourgne.com\/index.php\/expositions\/\" target=\"_blank\">\n\t\t\t\t\t\t<span class=\"elementor-button-content-wrapper\">\n\t\t\t\t\t\t\t\t\t<span class=\"elementor-button-text\">Voir les dates<\/span>\n\t\t\t\t\t<\/span>\n\t\t\t\t\t<\/a>\n\t\t\t\t<\/div>\n\t\t\t\t\t\t\t\t<\/div>\n\t\t\t\t<\/div>\n\t\t\t\t<\/div>\n\t\t<div class=\"elementor-element elementor-element-8cb8797 e-con-full e-flex e-con e-child\" data-id=\"8cb8797\" data-element_type=\"container\" data-e-type=\"container\">\n\t\t\t\t<div class=\"elementor-element elementor-element-0080e5d elementor-invisible elementor-widget elementor-widget-image\" data-id=\"0080e5d\" data-element_type=\"widget\" data-e-type=\"widget\" data-settings=\"{&quot;_animation&quot;:&quot;fadeIn&quot;}\" data-widget_type=\"image.default\">\n\t\t\t\t<div class=\"elementor-widget-container\">\n\t\t\t\t\t\t\t\t\t\t\t\t\t\t\t<img fetchpriority=\"high\" decoding=\"async\" width=\"1200\" height=\"1200\" src=\"https:\/\/isabellebourgne.com\/wp-content\/uploads\/2024\/02\/exposition-saint-nom-la-breteche-isabele-bourgne-marche-de-noel-raku.jpg\" class=\"attachment-full size-full wp-image-1265\" alt=\"exposition saint nom la breteche isabele bourgne march\u00e9 de noel raku\" srcset=\"https:\/\/isabellebourgne.com\/wp-content\/uploads\/2024\/02\/exposition-saint-nom-la-breteche-isabele-bourgne-marche-de-noel-raku.jpg 1200w, https:\/\/isabellebourgne.com\/wp-content\/uploads\/2024\/02\/exposition-saint-nom-la-breteche-isabele-bourgne-marche-de-noel-raku-300x300.jpg 300w, https:\/\/isabellebourgne.com\/wp-content\/uploads\/2024\/02\/exposition-saint-nom-la-breteche-isabele-bourgne-marche-de-noel-raku-1024x1024.jpg 1024w, https:\/\/isabellebourgne.com\/wp-content\/uploads\/2024\/02\/exposition-saint-nom-la-breteche-isabele-bourgne-marche-de-noel-raku-150x150.jpg 150w, https:\/\/isabellebourgne.com\/wp-content\/uploads\/2024\/02\/exposition-saint-nom-la-breteche-isabele-bourgne-marche-de-noel-raku-768x768.jpg 768w\" sizes=\"(max-width: 1200px) 100vw, 1200px\" \/>\t\t\t\t\t\t\t\t\t\t\t\t\t\t\t<\/div>\n\t\t\t\t<\/div>\n\t\t\t\t<\/div>\n\t\t\t\t\t<\/div>\n\t\t\t\t<\/div>\n\t\t<div class=\"elementor-element elementor-element-e654c82 e-flex e-con-boxed e-con e-parent\" data-id=\"e654c82\" data-element_type=\"container\" data-e-type=\"container\">\n\t\t\t\t\t<div class=\"e-con-inner\">\n\t\t\t\t<div class=\"elementor-element elementor-element-ca05692 elementor-widget elementor-widget-spacer\" data-id=\"ca05692\" data-element_type=\"widget\" data-e-type=\"widget\" data-widget_type=\"spacer.default\">\n\t\t\t\t<div class=\"elementor-widget-container\">\n\t\t\t\t\t\t\t<div class=\"elementor-spacer\">\n\t\t\t<div class=\"elementor-spacer-inner\"><\/div>\n\t\t<\/div>\n\t\t\t\t\t\t<\/div>\n\t\t\t\t<\/div>\n\t\t\t\t\t<\/div>\n\t\t\t\t<\/div>\n\t\t<div class=\"elementor-element elementor-element-4c05098 e-flex e-con-boxed e-con e-parent\" data-id=\"4c05098\" data-element_type=\"container\" data-e-type=\"container\">\n\t\t\t\t\t<div class=\"e-con-inner\">\n\t\t<div class=\"elementor-element elementor-element-486a678 e-con-full e-flex e-con e-child\" data-id=\"486a678\" data-element_type=\"container\" data-e-type=\"container\">\n\t\t\t\t<div class=\"elementor-element elementor-element-069ca35 elementor-widget elementor-widget-image\" data-id=\"069ca35\" data-element_type=\"widget\" data-e-type=\"widget\" data-widget_type=\"image.default\">\n\t\t\t\t<div class=\"elementor-widget-container\">\n\t\t\t\t\t\t\t\t\t\t\t\t\t\t\t<img decoding=\"async\" width=\"768\" height=\"768\" src=\"https:\/\/isabellebourgne.com\/wp-content\/uploads\/2024\/02\/Formations-Sculpture-Raku-Modelage-Poterie-ISabelle-Bourgne-Sculptrice-artiste-creatrice.jpg\" class=\"attachment-large size-large wp-image-906\" alt=\"Formations Sculpture Raku Modelage Poterie ISabelle Bourgne Sculptrice artiste cr\u00e9atrice\" srcset=\"https:\/\/isabellebourgne.com\/wp-content\/uploads\/2024\/02\/Formations-Sculpture-Raku-Modelage-Poterie-ISabelle-Bourgne-Sculptrice-artiste-creatrice.jpg 768w, https:\/\/isabellebourgne.com\/wp-content\/uploads\/2024\/02\/Formations-Sculpture-Raku-Modelage-Poterie-ISabelle-Bourgne-Sculptrice-artiste-creatrice-300x300.jpg 300w, https:\/\/isabellebourgne.com\/wp-content\/uploads\/2024\/02\/Formations-Sculpture-Raku-Modelage-Poterie-ISabelle-Bourgne-Sculptrice-artiste-creatrice-150x150.jpg 150w\" sizes=\"(max-width: 768px) 100vw, 768px\" \/>\t\t\t\t\t\t\t\t\t\t\t\t\t\t\t<\/div>\n\t\t\t\t<\/div>\n\t\t\t\t<\/div>\n\t\t<div class=\"elementor-element elementor-element-fe5ad2b e-con-full e-flex e-con e-child\" data-id=\"fe5ad2b\" data-element_type=\"container\" data-e-type=\"container\">\n\t\t\t\t<div class=\"elementor-element elementor-element-756fbc6 elementor-widget elementor-widget-spacer\" data-id=\"756fbc6\" data-element_type=\"widget\" data-e-type=\"widget\" data-widget_type=\"spacer.default\">\n\t\t\t\t<div class=\"elementor-widget-container\">\n\t\t\t\t\t\t\t<div class=\"elementor-spacer\">\n\t\t\t<div class=\"elementor-spacer-inner\"><\/div>\n\t\t<\/div>\n\t\t\t\t\t\t<\/div>\n\t\t\t\t<\/div>\n\t\t\t\t<div class=\"elementor-element elementor-element-cdb53ec elementor-widget elementor-widget-heading\" data-id=\"cdb53ec\" data-element_type=\"widget\" data-e-type=\"widget\" data-widget_type=\"heading.default\">\n\t\t\t\t<div class=\"elementor-widget-container\">\n\t\t\t\t\t<h2 class=\"elementor-heading-title elementor-size-default\">Stages Modelage et Stages Raku<\/h2>\t\t\t\t<\/div>\n\t\t\t\t<\/div>\n\t\t\t\t<div class=\"elementor-element elementor-element-eb63ff8 elementor-widget elementor-widget-text-editor\" data-id=\"eb63ff8\" data-element_type=\"widget\" data-e-type=\"widget\" data-widget_type=\"text-editor.default\">\n\t\t\t\t<div class=\"elementor-widget-container\">\n\t\t\t\t\t\t\t\t\t<p>Je vous invite \u00e0 d\u00e9couvrir les dates des ateliers si vous souhaitez vous initier au modelage ou \u00e0 la technique du Raku.\u00a0<\/p><ul><li>Sur une journ\u00e9e (10h-17h)<\/li><li>Minimum 3 personnes &#8211; Maximum 6 personnes<\/li><li>Tarif : 90\u20ac<\/li><\/ul>\t\t\t\t\t\t\t\t<\/div>\n\t\t\t\t<\/div>\n\t\t\t\t<div class=\"elementor-element elementor-element-c51ec87 elementor-widget elementor-widget-text-editor\" data-id=\"c51ec87\" data-element_type=\"widget\" data-e-type=\"widget\" data-widget_type=\"text-editor.default\">\n\t\t\t\t<div class=\"elementor-widget-container\">\n\t\t\t\t\t\t\t\t\t<p>Me contacter : contact@isabellebourgne.com<\/p>\t\t\t\t\t\t\t\t<\/div>\n\t\t\t\t<\/div>\n\t\t\t\t<div class=\"elementor-element elementor-element-7e9a979 elementor-align-center elementor-widget elementor-widget-button\" data-id=\"7e9a979\" data-element_type=\"widget\" data-e-type=\"widget\" data-widget_type=\"button.default\">\n\t\t\t\t<div class=\"elementor-widget-container\">\n\t\t\t\t\t\t\t\t\t<div class=\"elementor-button-wrapper\">\n\t\t\t\t\t<a class=\"elementor-button elementor-button-link elementor-size-sm elementor-animation-grow\" href=\"https:\/\/isabellebourgne.com\/index.php\/stages-modelage-et-raku\/\">\n\t\t\t\t\t\t<span class=\"elementor-button-content-wrapper\">\n\t\t\t\t\t\t\t\t\t<span class=\"elementor-button-text\">Voir les dates<\/span>\n\t\t\t\t\t<\/span>\n\t\t\t\t\t<\/a>\n\t\t\t\t<\/div>\n\t\t\t\t\t\t\t\t<\/div>\n\t\t\t\t<\/div>\n\t\t\t\t<\/div>\n\t\t\t\t\t<\/div>\n\t\t\t\t<\/div>\n\t\t<div class=\"elementor-element elementor-element-8a70595 e-flex e-con-boxed e-con e-parent\" data-id=\"8a70595\" data-element_type=\"container\" data-e-type=\"container\">\n\t\t\t\t\t<div class=\"e-con-inner\">\n\t\t\t\t<div class=\"elementor-element elementor-element-1e6faa6 elementor-widget elementor-widget-spacer\" data-id=\"1e6faa6\" data-element_type=\"widget\" data-e-type=\"widget\" data-widget_type=\"spacer.default\">\n\t\t\t\t<div class=\"elementor-widget-container\">\n\t\t\t\t\t\t\t<div class=\"elementor-spacer\">\n\t\t\t<div class=\"elementor-spacer-inner\"><\/div>\n\t\t<\/div>\n\t\t\t\t\t\t<\/div>\n\t\t\t\t<\/div>\n\t\t\t\t\t<\/div>\n\t\t\t\t<\/div>\n\t\t<div class=\"elementor-element elementor-element-9dd5043 e-con-full e-flex e-con e-parent\" data-id=\"9dd5043\" data-element_type=\"container\" data-e-type=\"container\">\n\t\t\t\t<div class=\"elementor-element elementor-element-3831a7d elementor-widget elementor-widget-spacer\" data-id=\"3831a7d\" data-element_type=\"widget\" data-e-type=\"widget\" data-widget_type=\"spacer.default\">\n\t\t\t\t<div class=\"elementor-widget-container\">\n\t\t\t\t\t\t\t<div class=\"elementor-spacer\">\n\t\t\t<div class=\"elementor-spacer-inner\"><\/div>\n\t\t<\/div>\n\t\t\t\t\t\t<\/div>\n\t\t\t\t<\/div>\n\t\t\t\t<\/div>\n\t\t\t\t<\/div>\n\t\t","protected":false},"excerpt":{"rendered":"<p>Expositions Je vous invite \u00e0 d\u00e9couvrir les dates des futures expositions ou march\u00e9s de No\u00ebl o\u00f9 vous pourrez retrouver mes nouvelles cr\u00e9ations et\/ou d\u00e9couvrir mon travail. Me contacter :\u00a0 contact@isabellebourgne.com Voir les dates Stages Modelage et Stages Raku Je vous invite \u00e0 d\u00e9couvrir les dates des ateliers si vous souhaitez vous initier au modelage ou&#8230;<\/p>\n","protected":false},"author":1,"featured_media":0,"parent":0,"menu_order":0,"comment_status":"closed","ping_status":"closed","template":"","meta":{"_kad_post_transparent":"","_kad_post_title":"hide","_kad_post_layout":"fullwidth","_kad_post_sidebar_id":"","_kad_post_content_style":"unboxed","_kad_post_vertical_padding":"hide","_kad_post_feature":"hide","_kad_post_feature_position":"","_kad_post_header":false,"_kad_post_footer":false,"_kad_post_classname":"","footnotes":""},"class_list":["post-18","page","type-page","status-publish","hentry"],"_links":{"self":[{"href":"https:\/\/isabellebourgne.com\/index.php\/wp-json\/wp\/v2\/pages\/18","targetHints":{"allow":["GET"]}}],"collection":[{"href":"https:\/\/isabellebourgne.com\/index.php\/wp-json\/wp\/v2\/pages"}],"about":[{"href":"https:\/\/isabellebourgne.com\/index.php\/wp-json\/wp\/v2\/types\/page"}],"author":[{"embeddable":true,"href":"https:\/\/isabellebourgne.com\/index.php\/wp-json\/wp\/v2\/users\/1"}],"replies":[{"embeddable":true,"href":"https:\/\/isabellebourgne.com\/index.php\/wp-json\/wp\/v2\/comments?post=18"}],"version-history":[{"count":93,"href":"https:\/\/isabellebourgne.com\/index.php\/wp-json\/wp\/v2\/pages\/18\/revisions"}],"predecessor-version":[{"id":2106,"href":"https:\/\/isabellebourgne.com\/index.php\/wp-json\/wp\/v2\/pages\/18\/revisions\/2106"}],"wp:attachment":[{"href":"https:\/\/isabellebourgne.com\/index.php\/wp-json\/wp\/v2\/media?parent=18"}],"curies":[{"name":"wp","href":"https:\/\/api.w.org\/{rel}","templated":true}]}}