{"id":2582,"date":"2024-03-12T19:21:09","date_gmt":"2024-03-12T18:21:09","guid":{"rendered":"https:\/\/isabellebourgne.com\/?page_id=2582"},"modified":"2024-03-13T11:29:43","modified_gmt":"2024-03-13T10:29:43","slug":"elementor-2582","status":"publish","type":"page","link":"https:\/\/isabellebourgne.com\/index.php\/elementor-2582\/","title":{"rendered":"Mentions l\u00e9gales"},"content":{"rendered":"\t\t<div data-elementor-type=\"wp-page\" data-elementor-id=\"2582\" class=\"elementor elementor-2582\">\n\t\t\t\t<div class=\"elementor-element elementor-element-133efcc e-flex e-con-boxed e-con e-parent\" data-id=\"133efcc\" data-element_type=\"container\" data-e-type=\"container\">\n\t\t\t\t\t<div class=\"e-con-inner\">\n\t\t\t\t<div class=\"elementor-element elementor-element-0b7d336 elementor-widget elementor-widget-spacer\" data-id=\"0b7d336\" data-element_type=\"widget\" data-e-type=\"widget\" data-widget_type=\"spacer.default\">\n\t\t\t\t<div class=\"elementor-widget-container\">\n\t\t\t\t\t\t\t<div class=\"elementor-spacer\">\n\t\t\t<div class=\"elementor-spacer-inner\"><\/div>\n\t\t<\/div>\n\t\t\t\t\t\t<\/div>\n\t\t\t\t<\/div>\n\t\t\t\t<div class=\"elementor-element elementor-element-bb42a71 elementor-widget elementor-widget-heading\" data-id=\"bb42a71\" data-element_type=\"widget\" data-e-type=\"widget\" data-widget_type=\"heading.default\">\n\t\t\t\t<div class=\"elementor-widget-container\">\n\t\t\t\t\t<h2 class=\"elementor-heading-title elementor-size-default\">Mentions l\u00e9gales - Isabelle Bourgne<\/h2>\t\t\t\t<\/div>\n\t\t\t\t<\/div>\n\t\t\t\t<div class=\"elementor-element elementor-element-e29a442 elementor-widget elementor-widget-spacer\" data-id=\"e29a442\" data-element_type=\"widget\" data-e-type=\"widget\" data-widget_type=\"spacer.default\">\n\t\t\t\t<div class=\"elementor-widget-container\">\n\t\t\t\t\t\t\t<div class=\"elementor-spacer\">\n\t\t\t<div class=\"elementor-spacer-inner\"><\/div>\n\t\t<\/div>\n\t\t\t\t\t\t<\/div>\n\t\t\t\t<\/div>\n\t\t\t\t\t<\/div>\n\t\t\t\t<\/div>\n\t\t<div class=\"elementor-element elementor-element-30374e0 e-flex e-con-boxed e-con e-parent\" data-id=\"30374e0\" data-element_type=\"container\" data-e-type=\"container\">\n\t\t\t\t\t<div class=\"e-con-inner\">\n\t\t\t\t<div class=\"elementor-element elementor-element-908ec4e elementor-widget elementor-widget-text-editor\" data-id=\"908ec4e\" data-element_type=\"widget\" data-e-type=\"widget\" data-widget_type=\"text-editor.default\">\n\t\t\t\t<div class=\"elementor-widget-container\">\n\t\t\t\t\t\t\t\t\t<p>Adresse<\/p>\t\t\t\t\t\t\t\t<\/div>\n\t\t\t\t<\/div>\n\t\t\t\t<div class=\"elementor-element elementor-element-2c20559 elementor-widget elementor-widget-text-editor\" data-id=\"2c20559\" data-element_type=\"widget\" data-e-type=\"widget\" data-widget_type=\"text-editor.default\">\n\t\t\t\t<div class=\"elementor-widget-container\">\n\t\t\t\t\t\t\t\t\t<p>3 all\u00e9e des joux<\/p>\n<p>77176 Savigny Le Temple<\/p>\n<p>France<\/p><p><br><\/p>\n<p><strong style=\"color: var( --e-global-color-text ); text-align: var(--text-align); background-color: transparent;\">Adresse<\/strong>&nbsp;<strong style=\"color: var( --e-global-color-text ); text-align: var(--text-align); background-color: transparent;\">e-mail<\/strong><span style=\"color: var( --e-global-color-text ); text-align: var(--text-align); background-color: transparent;\">&nbsp;: contact@isabellebourgne.com<\/span><br><\/p>\t\t\t\t\t\t\t\t<\/div>\n\t\t\t\t<\/div>\n\t\t\t\t\t<\/div>\n\t\t\t\t<\/div>\n\t\t<div class=\"elementor-element elementor-element-12d2ab1 e-flex e-con-boxed e-con e-parent\" data-id=\"12d2ab1\" data-element_type=\"container\" data-e-type=\"container\">\n\t\t\t\t\t<div class=\"e-con-inner\">\n\t\t\t\t<div class=\"elementor-element elementor-element-ba774ce elementor-widget elementor-widget-spacer\" data-id=\"ba774ce\" data-element_type=\"widget\" data-e-type=\"widget\" data-widget_type=\"spacer.default\">\n\t\t\t\t<div class=\"elementor-widget-container\">\n\t\t\t\t\t\t\t<div class=\"elementor-spacer\">\n\t\t\t<div class=\"elementor-spacer-inner\"><\/div>\n\t\t<\/div>\n\t\t\t\t\t\t<\/div>\n\t\t\t\t<\/div>\n\t\t\t\t\t<\/div>\n\t\t\t\t<\/div>\n\t\t<div class=\"elementor-element elementor-element-9a1a985 e-flex e-con-boxed e-con e-parent\" data-id=\"9a1a985\" data-element_type=\"container\" data-e-type=\"container\">\n\t\t\t\t\t<div class=\"e-con-inner\">\n\t\t\t\t<div class=\"elementor-element elementor-element-06e87d5 elementor-widget elementor-widget-image\" data-id=\"06e87d5\" data-element_type=\"widget\" data-e-type=\"widget\" data-widget_type=\"image.default\">\n\t\t\t\t<div class=\"elementor-widget-container\">\n\t\t\t\t\t\t\t\t\t\t\t\t\t\t\t<img fetchpriority=\"high\" decoding=\"async\" width=\"1024\" height=\"493\" src=\"https:\/\/isabellebourgne.com\/wp-content\/uploads\/2024\/03\/Carte-isabelle-bourgne-1024x493.png\" class=\"attachment-large size-large wp-image-2584\" alt=\"Carte de l&#039;emplacement de l&#039;entreprise : 3 all\u00e9e de joux 77176 Savigny Le Temple\" srcset=\"https:\/\/isabellebourgne.com\/wp-content\/uploads\/2024\/03\/Carte-isabelle-bourgne-1024x493.png 1024w, https:\/\/isabellebourgne.com\/wp-content\/uploads\/2024\/03\/Carte-isabelle-bourgne-300x145.png 300w, https:\/\/isabellebourgne.com\/wp-content\/uploads\/2024\/03\/Carte-isabelle-bourgne-768x370.png 768w, https:\/\/isabellebourgne.com\/wp-content\/uploads\/2024\/03\/Carte-isabelle-bourgne.png 1374w\" sizes=\"(max-width: 1024px) 100vw, 1024px\" \/>\t\t\t\t\t\t\t\t\t\t\t\t\t\t\t<\/div>\n\t\t\t\t<\/div>\n\t\t\t\t\t<\/div>\n\t\t\t\t<\/div>\n\t\t<div class=\"elementor-element elementor-element-8301703 e-flex e-con-boxed e-con e-parent\" data-id=\"8301703\" data-element_type=\"container\" data-e-type=\"container\">\n\t\t\t\t\t<div class=\"e-con-inner\">\n\t\t\t\t<div class=\"elementor-element elementor-element-0729739 elementor-widget elementor-widget-spacer\" data-id=\"0729739\" data-element_type=\"widget\" data-e-type=\"widget\" data-widget_type=\"spacer.default\">\n\t\t\t\t<div class=\"elementor-widget-container\">\n\t\t\t\t\t\t\t<div class=\"elementor-spacer\">\n\t\t\t<div class=\"elementor-spacer-inner\"><\/div>\n\t\t<\/div>\n\t\t\t\t\t\t<\/div>\n\t\t\t\t<\/div>\n\t\t\t\t<div class=\"elementor-element elementor-element-0b3a777 elementor-widget elementor-widget-text-editor\" data-id=\"0b3a777\" data-element_type=\"widget\" data-e-type=\"widget\" data-widget_type=\"text-editor.default\">\n\t\t\t\t<div class=\"elementor-widget-container\">\n\t\t\t\t\t\t\t\t\t<p>Description<\/p>\t\t\t\t\t\t\t\t<\/div>\n\t\t\t\t<\/div>\n\t\t\t\t<div class=\"elementor-element elementor-element-1ea9852 elementor-widget elementor-widget-text-editor\" data-id=\"1ea9852\" data-element_type=\"widget\" data-e-type=\"widget\" data-widget_type=\"text-editor.default\">\n\t\t\t\t<div class=\"elementor-widget-container\">\n\t\t\t\t\t\t\t\t\t<p>Atelier de modelage c\u00e9ramique et sculpture et de Raku<\/p><p>Siret n\u00b0 89377977700018<\/p><p>N\u00b0 TVA :\u00a0FR62893779777<\/p><p>\u00a0<\/p><p>Directrice de la publication : Isabelle Bourgne<\/p><p>H\u00e9bergeur : Hostinger<\/p>\t\t\t\t\t\t\t\t<\/div>\n\t\t\t\t<\/div>\n\t\t\t\t\t<\/div>\n\t\t\t\t<\/div>\n\t\t<div class=\"elementor-element elementor-element-faf53a6 e-flex e-con-boxed e-con e-parent\" data-id=\"faf53a6\" data-element_type=\"container\" data-e-type=\"container\">\n\t\t\t\t\t<div class=\"e-con-inner\">\n\t\t\t\t<div class=\"elementor-element elementor-element-5e2c330 elementor-widget elementor-widget-spacer\" data-id=\"5e2c330\" data-element_type=\"widget\" data-e-type=\"widget\" data-widget_type=\"spacer.default\">\n\t\t\t\t<div class=\"elementor-widget-container\">\n\t\t\t\t\t\t\t<div class=\"elementor-spacer\">\n\t\t\t<div class=\"elementor-spacer-inner\"><\/div>\n\t\t<\/div>\n\t\t\t\t\t\t<\/div>\n\t\t\t\t<\/div>\n\t\t\t\t\t<\/div>\n\t\t\t\t<\/div>\n\t\t<div class=\"elementor-element elementor-element-545fc55 e-flex e-con-boxed e-con e-parent\" data-id=\"545fc55\" data-element_type=\"container\" data-e-type=\"container\">\n\t\t\t\t\t<div class=\"e-con-inner\">\n\t\t\t\t<div class=\"elementor-element elementor-element-2eefc9c elementor-widget elementor-widget-text-editor\" data-id=\"2eefc9c\" data-element_type=\"widget\" data-e-type=\"widget\" data-widget_type=\"text-editor.default\">\n\t\t\t\t<div class=\"elementor-widget-container\">\n\t\t\t\t\t\t\t\t\t<p>Horaires d&rsquo;ouverture<\/p>\t\t\t\t\t\t\t\t<\/div>\n\t\t\t\t<\/div>\n\t\t\t\t\t<\/div>\n\t\t\t\t<\/div>\n\t\t<div class=\"elementor-element elementor-element-761cc78 e-flex e-con-boxed e-con e-parent\" data-id=\"761cc78\" data-element_type=\"container\" data-e-type=\"container\">\n\t\t\t\t\t<div class=\"e-con-inner\">\n\t\t\t\t<div class=\"elementor-element elementor-element-188e8f3 elementor-widget elementor-widget-text-editor\" data-id=\"188e8f3\" data-element_type=\"widget\" data-e-type=\"widget\" data-widget_type=\"text-editor.default\">\n\t\t\t\t<div class=\"elementor-widget-container\">\n\t\t\t\t\t\t\t\t\t<p><b>Lundi <\/b>9h-17h<\/p>\n<p><b>Mardi <\/b>Ferm\u00e9<\/p>\n<p><b>Mercredi&nbsp;<\/b><span style=\"color: var( --e-global-color-text ); text-align: var(--text-align); background-color: transparent;\">Ferm\u00e9<\/span><\/p>\n<p><b>Jeudi&nbsp;<\/b><span style=\"color: var( --e-global-color-text ); text-align: var(--text-align); background-color: transparent;\">Ferm\u00e9<\/span><\/p>\n<p><b>Vendredi&nbsp;<\/b><span style=\"color: var( --e-global-color-text ); text-align: var(--text-align); background-color: transparent;\">9h-17h<\/span><\/p>\n<p><b>Samedi&nbsp;<\/b><span style=\"color: var( --e-global-color-text ); text-align: var(--text-align); background-color: transparent;\">Ferm\u00e9<\/span><\/p>\n<p><b>Dimanche&nbsp;<\/b><span style=\"color: var( --e-global-color-text ); text-align: var(--text-align); background-color: transparent;\">Ferm\u00e9<\/span><\/p>\t\t\t\t\t\t\t\t<\/div>\n\t\t\t\t<\/div>\n\t\t\t\t\t<\/div>\n\t\t\t\t<\/div>\n\t\t<div class=\"elementor-element elementor-element-d58b2cf e-flex e-con-boxed e-con e-parent\" data-id=\"d58b2cf\" data-element_type=\"container\" data-e-type=\"container\">\n\t\t\t\t\t<div class=\"e-con-inner\">\n\t\t\t\t<div class=\"elementor-element elementor-element-171b507 elementor-widget elementor-widget-spacer\" data-id=\"171b507\" data-element_type=\"widget\" data-e-type=\"widget\" data-widget_type=\"spacer.default\">\n\t\t\t\t<div class=\"elementor-widget-container\">\n\t\t\t\t\t\t\t<div class=\"elementor-spacer\">\n\t\t\t<div class=\"elementor-spacer-inner\"><\/div>\n\t\t<\/div>\n\t\t\t\t\t\t<\/div>\n\t\t\t\t<\/div>\n\t\t\t\t\t<\/div>\n\t\t\t\t<\/div>\n\t\t\t\t<\/div>\n\t\t","protected":false},"excerpt":{"rendered":"<p>Mentions l\u00e9gales &#8211; Isabelle Bourgne Adresse 3 all\u00e9e des joux 77176 Savigny Le Temple France Adresse&nbsp;e-mail&nbsp;: contact@isabellebourgne.com Description Atelier de modelage c\u00e9ramique et sculpture et de Raku Siret n\u00b0 89377977700018 N\u00b0 TVA :\u00a0FR62893779777 \u00a0 Directrice de la publication : Isabelle Bourgne H\u00e9bergeur : Hostinger Horaires d&rsquo;ouverture Lundi 9h-17h Mardi Ferm\u00e9 Mercredi&nbsp;Ferm\u00e9 Jeudi&nbsp;Ferm\u00e9 Vendredi&nbsp;9h-17h Samedi&nbsp;Ferm\u00e9 Dimanche&nbsp;Ferm\u00e9<\/p>\n","protected":false},"author":1,"featured_media":0,"parent":0,"menu_order":0,"comment_status":"closed","ping_status":"closed","template":"","meta":{"_kad_post_transparent":"","_kad_post_title":"hide","_kad_post_layout":"fullwidth","_kad_post_sidebar_id":"","_kad_post_content_style":"unboxed","_kad_post_vertical_padding":"hide","_kad_post_feature":"hide","_kad_post_feature_position":"","_kad_post_header":false,"_kad_post_footer":false,"_kad_post_classname":"","footnotes":""},"class_list":["post-2582","page","type-page","status-publish","hentry"],"_links":{"self":[{"href":"https:\/\/isabellebourgne.com\/index.php\/wp-json\/wp\/v2\/pages\/2582","targetHints":{"allow":["GET"]}}],"collection":[{"href":"https:\/\/isabellebourgne.com\/index.php\/wp-json\/wp\/v2\/pages"}],"about":[{"href":"https:\/\/isabellebourgne.com\/index.php\/wp-json\/wp\/v2\/types\/page"}],"author":[{"embeddable":true,"href":"https:\/\/isabellebourgne.com\/index.php\/wp-json\/wp\/v2\/users\/1"}],"replies":[{"embeddable":true,"href":"https:\/\/isabellebourgne.com\/index.php\/wp-json\/wp\/v2\/comments?post=2582"}],"version-history":[{"count":8,"href":"https:\/\/isabellebourgne.com\/index.php\/wp-json\/wp\/v2\/pages\/2582\/revisions"}],"predecessor-version":[{"id":2594,"href":"https:\/\/isabellebourgne.com\/index.php\/wp-json\/wp\/v2\/pages\/2582\/revisions\/2594"}],"wp:attachment":[{"href":"https:\/\/isabellebourgne.com\/index.php\/wp-json\/wp\/v2\/media?parent=2582"}],"curies":[{"name":"wp","href":"https:\/\/api.w.org\/{rel}","templated":true}]}}