{"id":34,"date":"2024-01-08T15:30:40","date_gmt":"2024-01-08T14:30:40","guid":{"rendered":"https:\/\/isabellebourgne.com\/?page_id=34"},"modified":"2025-01-07T11:10:27","modified_gmt":"2025-01-07T10:10:27","slug":"expositions","status":"publish","type":"page","link":"https:\/\/isabellebourgne.com\/index.php\/expositions\/","title":{"rendered":"Expositions"},"content":{"rendered":"\t\t<div data-elementor-type=\"wp-page\" data-elementor-id=\"34\" class=\"elementor elementor-34\">\n\t\t\t\t<div class=\"elementor-element elementor-element-e98a840 e-con-full e-flex e-con e-parent\" data-id=\"e98a840\" data-element_type=\"container\" data-e-type=\"container\">\n\t\t\t\t<div class=\"elementor-element elementor-element-6eb237a elementor-widget elementor-widget-spacer\" data-id=\"6eb237a\" data-element_type=\"widget\" data-e-type=\"widget\" data-widget_type=\"spacer.default\">\n\t\t\t\t<div class=\"elementor-widget-container\">\n\t\t\t\t\t\t\t<div class=\"elementor-spacer\">\n\t\t\t<div class=\"elementor-spacer-inner\"><\/div>\n\t\t<\/div>\n\t\t\t\t\t\t<\/div>\n\t\t\t\t<\/div>\n\t\t\t\t<\/div>\n\t\t<div class=\"elementor-element elementor-element-749a61f e-flex e-con-boxed e-con e-parent\" data-id=\"749a61f\" data-element_type=\"container\" data-e-type=\"container\">\n\t\t\t\t\t<div class=\"e-con-inner\">\n\t\t<div class=\"elementor-element elementor-element-f7c6622 e-con-full e-flex e-con e-child\" data-id=\"f7c6622\" data-element_type=\"container\" data-e-type=\"container\">\n\t\t\t\t<div class=\"elementor-element elementor-element-b61de31 elementor-widget elementor-widget-spacer\" data-id=\"b61de31\" data-element_type=\"widget\" data-e-type=\"widget\" data-widget_type=\"spacer.default\">\n\t\t\t\t<div class=\"elementor-widget-container\">\n\t\t\t\t\t\t\t<div class=\"elementor-spacer\">\n\t\t\t<div class=\"elementor-spacer-inner\"><\/div>\n\t\t<\/div>\n\t\t\t\t\t\t<\/div>\n\t\t\t\t<\/div>\n\t\t\t\t<div class=\"elementor-element elementor-element-78288f7 elementor-widget elementor-widget-heading\" data-id=\"78288f7\" data-element_type=\"widget\" data-e-type=\"widget\" data-widget_type=\"heading.default\">\n\t\t\t\t<div class=\"elementor-widget-container\">\n\t\t\t\t\t<h1 class=\"elementor-heading-title elementor-size-default\">Expositions cr\u00e9ations &amp; Raku<\/h1>\t\t\t\t<\/div>\n\t\t\t\t<\/div>\n\t\t\t\t<div class=\"elementor-element elementor-element-0cd4643 elementor-widget elementor-widget-text-editor\" data-id=\"0cd4643\" data-element_type=\"widget\" data-e-type=\"widget\" data-widget_type=\"text-editor.default\">\n\t\t\t\t<div class=\"elementor-widget-container\">\n\t\t\t\t\t\t\t\t\t<p>Je vous invite \u00e0 d\u00e9couvrir les dates des futures expositions ou march\u00e9s de No\u00ebl o\u00f9 vous pourrez retrouver mes nouvelles cr\u00e9ations et\/ou d\u00e9couvrir mon travail.<\/p>\t\t\t\t\t\t\t\t<\/div>\n\t\t\t\t<\/div>\n\t\t\t\t<div class=\"elementor-element elementor-element-4394d90 elementor-widget elementor-widget-text-editor\" data-id=\"4394d90\" data-element_type=\"widget\" data-e-type=\"widget\" data-widget_type=\"text-editor.default\">\n\t\t\t\t<div class=\"elementor-widget-container\">\n\t\t\t\t\t\t\t\t\t<p><strong><span style=\"text-decoration: underline;\">Dates 2025<\/span>\u00a0:<\/strong><\/p><ul><li>\u00a0Pour plus d&rsquo;informations, <em>veuillez me contacter par mail contact@isabellebourgne.com<\/em><\/li><\/ul>\t\t\t\t\t\t\t\t<\/div>\n\t\t\t\t<\/div>\n\t\t\t\t<div class=\"elementor-element elementor-element-af2ce2e elementor-widget elementor-widget-spacer\" data-id=\"af2ce2e\" data-element_type=\"widget\" data-e-type=\"widget\" data-widget_type=\"spacer.default\">\n\t\t\t\t<div class=\"elementor-widget-container\">\n\t\t\t\t\t\t\t<div class=\"elementor-spacer\">\n\t\t\t<div class=\"elementor-spacer-inner\"><\/div>\n\t\t<\/div>\n\t\t\t\t\t\t<\/div>\n\t\t\t\t<\/div>\n\t\t\t\t<div class=\"elementor-element elementor-element-1ea6f8d elementor-widget elementor-widget-text-editor\" data-id=\"1ea6f8d\" data-element_type=\"widget\" data-e-type=\"widget\" data-widget_type=\"text-editor.default\">\n\t\t\t\t<div class=\"elementor-widget-container\">\n\t\t\t\t\t\t\t\t\t<p>Me contacter :\u00a0 contact@isabellebourgne.com<\/p>\t\t\t\t\t\t\t\t<\/div>\n\t\t\t\t<\/div>\n\t\t\t\t<\/div>\n\t\t<div class=\"elementor-element elementor-element-13bcf32 e-con-full e-flex e-con e-child\" data-id=\"13bcf32\" data-element_type=\"container\" data-e-type=\"container\">\n\t\t\t\t<div class=\"elementor-element elementor-element-c20ab25 elementor-widget elementor-widget-image\" data-id=\"c20ab25\" data-element_type=\"widget\" data-e-type=\"widget\" data-widget_type=\"image.default\">\n\t\t\t\t<div class=\"elementor-widget-container\">\n\t\t\t\t\t\t\t\t\t\t\t\t\t\t\t<img fetchpriority=\"high\" decoding=\"async\" width=\"1024\" height=\"1024\" src=\"https:\/\/isabellebourgne.com\/wp-content\/uploads\/2024\/02\/exposition-saint-nom-la-breteche-isabele-bourgne-marche-de-noel-raku-1024x1024.jpg\" class=\"attachment-large size-large wp-image-1265\" alt=\"exposition saint nom la breteche isabele bourgne march\u00e9 de noel raku\" srcset=\"https:\/\/isabellebourgne.com\/wp-content\/uploads\/2024\/02\/exposition-saint-nom-la-breteche-isabele-bourgne-marche-de-noel-raku-1024x1024.jpg 1024w, https:\/\/isabellebourgne.com\/wp-content\/uploads\/2024\/02\/exposition-saint-nom-la-breteche-isabele-bourgne-marche-de-noel-raku-300x300.jpg 300w, https:\/\/isabellebourgne.com\/wp-content\/uploads\/2024\/02\/exposition-saint-nom-la-breteche-isabele-bourgne-marche-de-noel-raku-150x150.jpg 150w, https:\/\/isabellebourgne.com\/wp-content\/uploads\/2024\/02\/exposition-saint-nom-la-breteche-isabele-bourgne-marche-de-noel-raku-768x768.jpg 768w, https:\/\/isabellebourgne.com\/wp-content\/uploads\/2024\/02\/exposition-saint-nom-la-breteche-isabele-bourgne-marche-de-noel-raku.jpg 1200w\" sizes=\"(max-width: 1024px) 100vw, 1024px\" \/>\t\t\t\t\t\t\t\t\t\t\t\t\t\t\t<\/div>\n\t\t\t\t<\/div>\n\t\t\t\t<\/div>\n\t\t\t\t\t<\/div>\n\t\t\t\t<\/div>\n\t\t<div class=\"elementor-element elementor-element-8f43cdf e-flex e-con-boxed e-con e-parent\" data-id=\"8f43cdf\" data-element_type=\"container\" data-e-type=\"container\" data-settings=\"{&quot;background_background&quot;:&quot;classic&quot;}\">\n\t\t\t\t\t<div class=\"e-con-inner\">\n\t\t\t\t<div class=\"elementor-element elementor-element-cff8d09 elementor-widget elementor-widget-text-editor\" data-id=\"cff8d09\" data-element_type=\"widget\" data-e-type=\"widget\" data-widget_type=\"text-editor.default\">\n\t\t\t\t<div class=\"elementor-widget-container\">\n\t\t\t\t\t\t\t\t\t<p>&nbsp; &nbsp;<span style=\"text-align: var(--text-align); text-decoration-line: underline;\">Derni\u00e8res dates 2023 et 2024 <\/span><span style=\"text-align: var(--text-align);\">:&nbsp;<\/span><\/p>\n<ul>\n<li>Exposition \u00e0 domicile \u00e0 Savigny-le-Temple (77) les 14 et 15 d\u00e9cembre 2024&nbsp;<\/li>\n<li>Participation \u00e0 la Maker Faire de Leroy Melin \u00e0 Cesson (77) le 30 novembre 2024<\/li>\n<li>Participation \u00e0 l&rsquo;exposition \u00ab\u00a0Arts et Oc\u00e9ans\u00a0\u00bb \u00e0 Saint-Nom-la-Bret\u00eache (78) du 17 au 24 novembre 2024<\/li>\n<li>Exposition \u00e0 domicile \u00e0 Savigny-le-Temple (77) le 17 d\u00e9cembre 2023<\/li>\n<li>March\u00e9 de No\u00ebl \u00e0 Saint-Nom-la-Bret\u00e8che (78) le 9 d\u00e9cembre 2023<\/li>\n<li>Exposition \u00e0 Moutiers-sous-Argenton (79) le 8 octobre 2023<\/li>\n<\/ul>\t\t\t\t\t\t\t\t<\/div>\n\t\t\t\t<\/div>\n\t\t\t\t<div class=\"elementor-element elementor-element-b6af1ca elementor-widget elementor-widget-text-editor\" data-id=\"b6af1ca\" data-element_type=\"widget\" data-e-type=\"widget\" data-widget_type=\"text-editor.default\">\n\t\t\t\t<div class=\"elementor-widget-container\">\n\t\t\t\t\t\t\t\t\t<p>Me contacter :\u00a0 contact@isabellebourgne.com<\/p>\t\t\t\t\t\t\t\t<\/div>\n\t\t\t\t<\/div>\n\t\t\t\t\t<\/div>\n\t\t\t\t<\/div>\n\t\t<div class=\"elementor-element elementor-element-2ad9dfc e-flex e-con-boxed e-con e-parent\" data-id=\"2ad9dfc\" data-element_type=\"container\" data-e-type=\"container\">\n\t\t\t\t\t<div class=\"e-con-inner\">\n\t\t\t\t<div class=\"elementor-element elementor-element-3e56246 elementor-widget elementor-widget-spacer\" data-id=\"3e56246\" data-element_type=\"widget\" data-e-type=\"widget\" data-widget_type=\"spacer.default\">\n\t\t\t\t<div class=\"elementor-widget-container\">\n\t\t\t\t\t\t\t<div class=\"elementor-spacer\">\n\t\t\t<div class=\"elementor-spacer-inner\"><\/div>\n\t\t<\/div>\n\t\t\t\t\t\t<\/div>\n\t\t\t\t<\/div>\n\t\t\t\t\t<\/div>\n\t\t\t\t<\/div>\n\t\t\t\t<\/div>\n\t\t","protected":false},"excerpt":{"rendered":"<p>Expositions cr\u00e9ations &amp; Raku Je vous invite \u00e0 d\u00e9couvrir les dates des futures expositions ou march\u00e9s de No\u00ebl o\u00f9 vous pourrez retrouver mes nouvelles cr\u00e9ations et\/ou d\u00e9couvrir mon travail. Dates 2025\u00a0: \u00a0Pour plus d&rsquo;informations, veuillez me contacter par mail contact@isabellebourgne.com Me contacter :\u00a0 contact@isabellebourgne.com &nbsp; &nbsp;Derni\u00e8res dates 2023 et 2024 :&nbsp; Exposition \u00e0 domicile \u00e0&#8230;<\/p>\n","protected":false},"author":1,"featured_media":0,"parent":0,"menu_order":0,"comment_status":"closed","ping_status":"closed","template":"","meta":{"_kad_post_transparent":"","_kad_post_title":"hide","_kad_post_layout":"fullwidth","_kad_post_sidebar_id":"","_kad_post_content_style":"unboxed","_kad_post_vertical_padding":"hide","_kad_post_feature":"hide","_kad_post_feature_position":"","_kad_post_header":false,"_kad_post_footer":false,"_kad_post_classname":"","footnotes":""},"class_list":["post-34","page","type-page","status-publish","hentry"],"_links":{"self":[{"href":"https:\/\/isabellebourgne.com\/index.php\/wp-json\/wp\/v2\/pages\/34","targetHints":{"allow":["GET"]}}],"collection":[{"href":"https:\/\/isabellebourgne.com\/index.php\/wp-json\/wp\/v2\/pages"}],"about":[{"href":"https:\/\/isabellebourgne.com\/index.php\/wp-json\/wp\/v2\/types\/page"}],"author":[{"embeddable":true,"href":"https:\/\/isabellebourgne.com\/index.php\/wp-json\/wp\/v2\/users\/1"}],"replies":[{"embeddable":true,"href":"https:\/\/isabellebourgne.com\/index.php\/wp-json\/wp\/v2\/comments?post=34"}],"version-history":[{"count":150,"href":"https:\/\/isabellebourgne.com\/index.php\/wp-json\/wp\/v2\/pages\/34\/revisions"}],"predecessor-version":[{"id":2674,"href":"https:\/\/isabellebourgne.com\/index.php\/wp-json\/wp\/v2\/pages\/34\/revisions\/2674"}],"wp:attachment":[{"href":"https:\/\/isabellebourgne.com\/index.php\/wp-json\/wp\/v2\/media?parent=34"}],"curies":[{"name":"wp","href":"https:\/\/api.w.org\/{rel}","templated":true}]}}