{"id":36,"date":"2024-01-08T15:30:53","date_gmt":"2024-01-08T14:30:53","guid":{"rendered":"https:\/\/isabellebourgne.com\/?page_id=36"},"modified":"2024-03-21T13:52:07","modified_gmt":"2024-03-21T12:52:07","slug":"stages-modelage-et-raku","status":"publish","type":"page","link":"https:\/\/isabellebourgne.com\/index.php\/stages-modelage-et-raku\/","title":{"rendered":"Stages Modelage et Raku"},"content":{"rendered":"\t\t<div data-elementor-type=\"wp-page\" data-elementor-id=\"36\" class=\"elementor elementor-36\">\n\t\t\t\t<div class=\"elementor-element elementor-element-c99ca35 e-con-full e-flex e-con e-parent\" data-id=\"c99ca35\" data-element_type=\"container\" data-e-type=\"container\">\n\t\t\t\t<div class=\"elementor-element elementor-element-f9e708e elementor-widget elementor-widget-spacer\" data-id=\"f9e708e\" data-element_type=\"widget\" data-e-type=\"widget\" data-widget_type=\"spacer.default\">\n\t\t\t\t<div class=\"elementor-widget-container\">\n\t\t\t\t\t\t\t<div class=\"elementor-spacer\">\n\t\t\t<div class=\"elementor-spacer-inner\"><\/div>\n\t\t<\/div>\n\t\t\t\t\t\t<\/div>\n\t\t\t\t<\/div>\n\t\t\t\t<\/div>\n\t\t<div class=\"elementor-element elementor-element-eb8df7f e-flex e-con-boxed e-con e-parent\" data-id=\"eb8df7f\" data-element_type=\"container\" data-e-type=\"container\">\n\t\t\t\t\t<div class=\"e-con-inner\">\n\t\t<div class=\"elementor-element elementor-element-a0a873a e-con-full e-flex e-con e-child\" data-id=\"a0a873a\" data-element_type=\"container\" data-e-type=\"container\">\n\t\t\t\t<div class=\"elementor-element elementor-element-f79f2d3 elementor-widget elementor-widget-heading\" data-id=\"f79f2d3\" data-element_type=\"widget\" data-e-type=\"widget\" data-widget_type=\"heading.default\">\n\t\t\t\t<div class=\"elementor-widget-container\">\n\t\t\t\t\t<h1 class=\"elementor-heading-title elementor-size-default\">Stages d'initiation au Modelage<\/h1>\t\t\t\t<\/div>\n\t\t\t\t<\/div>\n\t\t\t\t<div class=\"elementor-element elementor-element-1d7f8fe elementor-widget elementor-widget-text-editor\" data-id=\"1d7f8fe\" data-element_type=\"widget\" data-e-type=\"widget\" data-widget_type=\"text-editor.default\">\n\t\t\t\t<div class=\"elementor-widget-container\">\n\t\t\t\t\t\t\t\t\t<p><strong>\u00ab\u00a0Et si vous vous retrouviez autour d&rsquo;un pain de terre ?\u00a0\u00bb <\/strong><\/p><p>Je vous invite \u00e0 d\u00e9couvrir les dates des ateliers si vous souhaitez vous initier au modelage.\u00a0Tous niveaux accept\u00e9s.<\/p><p><strong><span style=\"text-decoration: underline;\">Programme type de la journ\u00e9e : <\/span><\/strong><\/p><ul><li>Accueil, pr\u00e9sentation<\/li><li>Choix du mod\u00e8le<\/li><li>Explications des r\u00e8gles de base du modelage<\/li><li>Accompagnement<\/li><\/ul><p>En fonction du mod\u00e8le choisi, un ou deux jours seront n\u00e9cessaires pour finaliser la sculpture.\u00a0<\/p><p><strong><span style=\"text-decoration: underline;\">Tarif<\/span><\/strong> : 90\u20ac la journ\u00e9e. Le tarif comprend la terre, la mise \u00e0 disposition des outils ainsi que la cuisson de la pi\u00e8ce.<\/p>\t\t\t\t\t\t\t\t<\/div>\n\t\t\t\t<\/div>\n\t\t\t\t<\/div>\n\t\t<div class=\"elementor-element elementor-element-aeeefdc e-con-full e-flex e-con e-child\" data-id=\"aeeefdc\" data-element_type=\"container\" data-e-type=\"container\">\n\t\t\t\t<div class=\"elementor-element elementor-element-3972a52 elementor-widget elementor-widget-image\" data-id=\"3972a52\" data-element_type=\"widget\" data-e-type=\"widget\" data-widget_type=\"image.default\">\n\t\t\t\t<div class=\"elementor-widget-container\">\n\t\t\t\t\t\t\t\t\t\t\t\t\t\t\t<img fetchpriority=\"high\" decoding=\"async\" width=\"768\" height=\"768\" src=\"https:\/\/isabellebourgne.com\/wp-content\/uploads\/2024\/02\/Formations-Sculpture-Raku-Modelage-Poterie-ISabelle-Bourgne-Sculptrice-artiste-creatrice.jpg\" class=\"attachment-large size-large wp-image-906\" alt=\"Formations Sculpture Raku Modelage Poterie ISabelle Bourgne Sculptrice artiste cr\u00e9atrice\" srcset=\"https:\/\/isabellebourgne.com\/wp-content\/uploads\/2024\/02\/Formations-Sculpture-Raku-Modelage-Poterie-ISabelle-Bourgne-Sculptrice-artiste-creatrice.jpg 768w, https:\/\/isabellebourgne.com\/wp-content\/uploads\/2024\/02\/Formations-Sculpture-Raku-Modelage-Poterie-ISabelle-Bourgne-Sculptrice-artiste-creatrice-300x300.jpg 300w, https:\/\/isabellebourgne.com\/wp-content\/uploads\/2024\/02\/Formations-Sculpture-Raku-Modelage-Poterie-ISabelle-Bourgne-Sculptrice-artiste-creatrice-150x150.jpg 150w\" sizes=\"(max-width: 768px) 100vw, 768px\" \/>\t\t\t\t\t\t\t\t\t\t\t\t\t\t\t<\/div>\n\t\t\t\t<\/div>\n\t\t\t\t<\/div>\n\t\t\t\t\t<\/div>\n\t\t\t\t<\/div>\n\t\t<div class=\"elementor-element elementor-element-9e27612 e-flex e-con-boxed e-con e-parent\" data-id=\"9e27612\" data-element_type=\"container\" data-e-type=\"container\">\n\t\t\t\t\t<div class=\"e-con-inner\">\n\t\t\t\t<div class=\"elementor-element elementor-element-e67908a elementor-widget elementor-widget-spacer\" data-id=\"e67908a\" data-element_type=\"widget\" data-e-type=\"widget\" data-widget_type=\"spacer.default\">\n\t\t\t\t<div class=\"elementor-widget-container\">\n\t\t\t\t\t\t\t<div class=\"elementor-spacer\">\n\t\t\t<div class=\"elementor-spacer-inner\"><\/div>\n\t\t<\/div>\n\t\t\t\t\t\t<\/div>\n\t\t\t\t<\/div>\n\t\t\t\t\t<\/div>\n\t\t\t\t<\/div>\n\t\t<div class=\"elementor-element elementor-element-cbbbfe2 e-con-full e-flex e-con e-parent\" data-id=\"cbbbfe2\" data-element_type=\"container\" data-e-type=\"container\" data-settings=\"{&quot;background_background&quot;:&quot;classic&quot;}\">\n\t\t\t\t<div class=\"elementor-element elementor-element-b9ad3fb elementor-widget elementor-widget-heading\" data-id=\"b9ad3fb\" data-element_type=\"widget\" data-e-type=\"widget\" data-widget_type=\"heading.default\">\n\t\t\t\t<div class=\"elementor-widget-container\">\n\t\t\t\t\t<h1 class=\"elementor-heading-title elementor-size-default\">Dates Stage Modelage<\/h1>\t\t\t\t<\/div>\n\t\t\t\t<\/div>\n\t\t\t\t<\/div>\n\t\t<div class=\"elementor-element elementor-element-aecb663 e-con-full e-flex e-con e-parent\" data-id=\"aecb663\" data-element_type=\"container\" data-e-type=\"container\">\n\t\t<div class=\"elementor-element elementor-element-2f73727 e-con-full e-flex e-con e-child\" data-id=\"2f73727\" data-element_type=\"container\" data-e-type=\"container\">\n\t\t\t\t<\/div>\n\t\t<div class=\"elementor-element elementor-element-def7b6b e-con-full e-flex e-con e-child\" data-id=\"def7b6b\" data-element_type=\"container\" data-e-type=\"container\">\n\t\t\t\t<div class=\"elementor-element elementor-element-5180fb0 elementor-widget elementor-widget-text-editor\" data-id=\"5180fb0\" data-element_type=\"widget\" data-e-type=\"widget\" data-widget_type=\"text-editor.default\">\n\t\t\t\t<div class=\"elementor-widget-container\">\n\t\t\t\t\t\t\t\t\t<ul>\n<li><strong>9 juin 2024 de 10h \u00e0 17h \u00e0 Savigny-le-Temple (77)<\/strong><\/li><li><strong>7 juillet 2024 de 10h \u00e0 17h \u00e0 Savigny-le-Temple (77)<\/strong><\/li>\n<li><em>Pour plus d&rsquo;informations veuillez me contacter par mail : contact@isabellebourgne.com<\/em><\/li>\n<\/ul>\t\t\t\t\t\t\t\t<\/div>\n\t\t\t\t<\/div>\n\t\t\t\t<\/div>\n\t\t<div class=\"elementor-element elementor-element-cbab867 e-con-full e-flex e-con e-child\" data-id=\"cbab867\" data-element_type=\"container\" data-e-type=\"container\">\n\t\t\t\t<\/div>\n\t\t\t\t<\/div>\n\t\t<div class=\"elementor-element elementor-element-5c2205d e-con-full e-flex e-con e-parent\" data-id=\"5c2205d\" data-element_type=\"container\" data-e-type=\"container\">\n\t\t\t\t<div class=\"elementor-element elementor-element-037137b elementor-widget elementor-widget-spacer\" data-id=\"037137b\" data-element_type=\"widget\" data-e-type=\"widget\" data-widget_type=\"spacer.default\">\n\t\t\t\t<div class=\"elementor-widget-container\">\n\t\t\t\t\t\t\t<div class=\"elementor-spacer\">\n\t\t\t<div class=\"elementor-spacer-inner\"><\/div>\n\t\t<\/div>\n\t\t\t\t\t\t<\/div>\n\t\t\t\t<\/div>\n\t\t\t\t<\/div>\n\t\t<div class=\"elementor-element elementor-element-ee97cc0 e-con-full e-flex e-con e-parent\" data-id=\"ee97cc0\" data-element_type=\"container\" data-e-type=\"container\">\n\t\t\t\t<div class=\"elementor-element elementor-element-82d4bf4 elementor-widget elementor-widget-heading\" data-id=\"82d4bf4\" data-element_type=\"widget\" data-e-type=\"widget\" data-widget_type=\"heading.default\">\n\t\t\t\t<div class=\"elementor-widget-container\">\n\t\t\t\t\t<h2 class=\"elementor-heading-title elementor-size-default\">Pour aller plus loin...<\/h2>\t\t\t\t<\/div>\n\t\t\t\t<\/div>\n\t\t\t\t<div class=\"elementor-element elementor-element-429804a elementor-widget elementor-widget-spacer\" data-id=\"429804a\" data-element_type=\"widget\" data-e-type=\"widget\" data-widget_type=\"spacer.default\">\n\t\t\t\t<div class=\"elementor-widget-container\">\n\t\t\t\t\t\t\t<div class=\"elementor-spacer\">\n\t\t\t<div class=\"elementor-spacer-inner\"><\/div>\n\t\t<\/div>\n\t\t\t\t\t\t<\/div>\n\t\t\t\t<\/div>\n\t\t\t\t<\/div>\n\t\t<div class=\"elementor-element elementor-element-56a4d26 e-flex e-con-boxed e-con e-parent\" data-id=\"56a4d26\" data-element_type=\"container\" data-e-type=\"container\">\n\t\t\t\t\t<div class=\"e-con-inner\">\n\t\t<div class=\"elementor-element elementor-element-14b8402 e-con-full e-flex e-con e-child\" data-id=\"14b8402\" data-element_type=\"container\" data-e-type=\"container\">\n\t\t\t\t<div class=\"elementor-element elementor-element-4ef7598 elementor-widget elementor-widget-image\" data-id=\"4ef7598\" data-element_type=\"widget\" data-e-type=\"widget\" data-widget_type=\"image.default\">\n\t\t\t\t<div class=\"elementor-widget-container\">\n\t\t\t\t\t\t\t\t\t\t\t\t\t\t\t<img decoding=\"async\" width=\"1024\" height=\"1024\" src=\"https:\/\/isabellebourgne.com\/wp-content\/uploads\/2024\/02\/atelier-raku-stage-modelage-action-isabelle-bourgne-enfumage-seine-et-marne-1024x1024.jpg\" class=\"attachment-large size-large wp-image-1319\" alt=\"atelier raku stage modelage action isabelle bourgne enfumage seine et marne\" srcset=\"https:\/\/isabellebourgne.com\/wp-content\/uploads\/2024\/02\/atelier-raku-stage-modelage-action-isabelle-bourgne-enfumage-seine-et-marne-1024x1024.jpg 1024w, https:\/\/isabellebourgne.com\/wp-content\/uploads\/2024\/02\/atelier-raku-stage-modelage-action-isabelle-bourgne-enfumage-seine-et-marne-300x300.jpg 300w, https:\/\/isabellebourgne.com\/wp-content\/uploads\/2024\/02\/atelier-raku-stage-modelage-action-isabelle-bourgne-enfumage-seine-et-marne-150x150.jpg 150w, https:\/\/isabellebourgne.com\/wp-content\/uploads\/2024\/02\/atelier-raku-stage-modelage-action-isabelle-bourgne-enfumage-seine-et-marne-768x768.jpg 768w, https:\/\/isabellebourgne.com\/wp-content\/uploads\/2024\/02\/atelier-raku-stage-modelage-action-isabelle-bourgne-enfumage-seine-et-marne.jpg 1200w\" sizes=\"(max-width: 1024px) 100vw, 1024px\" \/>\t\t\t\t\t\t\t\t\t\t\t\t\t\t\t<\/div>\n\t\t\t\t<\/div>\n\t\t\t\t<\/div>\n\t\t<div class=\"elementor-element elementor-element-348d34e e-con-full e-flex e-con e-child\" data-id=\"348d34e\" data-element_type=\"container\" data-e-type=\"container\">\n\t\t\t\t<div class=\"elementor-element elementor-element-b83ed45 elementor-widget elementor-widget-heading\" data-id=\"b83ed45\" data-element_type=\"widget\" data-e-type=\"widget\" data-widget_type=\"heading.default\">\n\t\t\t\t<div class=\"elementor-widget-container\">\n\t\t\t\t\t<h1 class=\"elementor-heading-title elementor-size-default\">Stages de Raku<\/h1>\t\t\t\t<\/div>\n\t\t\t\t<\/div>\n\t\t\t\t<div class=\"elementor-element elementor-element-9fabb78 elementor-widget elementor-widget-text-editor\" data-id=\"9fabb78\" data-element_type=\"widget\" data-e-type=\"widget\" data-widget_type=\"text-editor.default\">\n\t\t\t\t<div class=\"elementor-widget-container\">\n\t\t\t\t\t\t\t\t\t<p><span style=\"text-decoration: underline;\"><strong>Pr\u00e9requis<\/strong><\/span> : R\u00e9alisation d&rsquo;un stage d&rsquo;initiation au modelage.<\/p><p><span style=\"text-decoration: underline;\"><strong>Programme type de la journ\u00e9e<\/strong><\/span> <strong>:\u00a0<\/strong><\/p><ul><li>Accueil, explications des bases du Raku<\/li><li>Emaillage des pi\u00e8ces<\/li><li>Mise en place des pi\u00e8ces dans le four<\/li><li>Mont\u00e9e en temp\u00e9rature<\/li><li>D\u00e9fournage et enfumage<\/li><li>Rangements et nettoyage des pi\u00e8ces<\/li><\/ul><p><span style=\"text-decoration: underline;\"><strong>Tarif<\/strong><\/span> : 90\u20ac la journ\u00e9e. Inclus l&rsquo;\u00e9mail.<\/p>\t\t\t\t\t\t\t\t<\/div>\n\t\t\t\t<\/div>\n\t\t\t\t<\/div>\n\t\t\t\t\t<\/div>\n\t\t\t\t<\/div>\n\t\t<div class=\"elementor-element elementor-element-43cb7b4 e-con-full e-flex e-con e-parent\" data-id=\"43cb7b4\" data-element_type=\"container\" data-e-type=\"container\">\n\t\t\t\t<div class=\"elementor-element elementor-element-80c1e67 elementor-widget elementor-widget-spacer\" data-id=\"80c1e67\" data-element_type=\"widget\" data-e-type=\"widget\" data-widget_type=\"spacer.default\">\n\t\t\t\t<div class=\"elementor-widget-container\">\n\t\t\t\t\t\t\t<div class=\"elementor-spacer\">\n\t\t\t<div class=\"elementor-spacer-inner\"><\/div>\n\t\t<\/div>\n\t\t\t\t\t\t<\/div>\n\t\t\t\t<\/div>\n\t\t\t\t<\/div>\n\t\t<div class=\"elementor-element elementor-element-a5ce1dd e-con-full e-flex e-con e-parent\" data-id=\"a5ce1dd\" data-element_type=\"container\" data-e-type=\"container\">\n\t\t<div class=\"elementor-element elementor-element-1f95b2f e-con-full e-flex e-con e-child\" data-id=\"1f95b2f\" data-element_type=\"container\" data-e-type=\"container\">\n\t\t\t\t<div class=\"elementor-element elementor-element-c8631c9 elementor-widget elementor-widget-heading\" data-id=\"c8631c9\" data-element_type=\"widget\" data-e-type=\"widget\" data-widget_type=\"heading.default\">\n\t\t\t\t<div class=\"elementor-widget-container\">\n\t\t\t\t\t<h1 class=\"elementor-heading-title elementor-size-default\">Stage Raku 2023<\/h1>\t\t\t\t<\/div>\n\t\t\t\t<\/div>\n\t\t\t\t<div class=\"elementor-element elementor-element-d936aa4 elementor-widget elementor-widget-spacer\" data-id=\"d936aa4\" data-element_type=\"widget\" data-e-type=\"widget\" data-widget_type=\"spacer.default\">\n\t\t\t\t<div class=\"elementor-widget-container\">\n\t\t\t\t\t\t\t<div class=\"elementor-spacer\">\n\t\t\t<div class=\"elementor-spacer-inner\"><\/div>\n\t\t<\/div>\n\t\t\t\t\t\t<\/div>\n\t\t\t\t<\/div>\n\t\t\t\t<div class=\"elementor-element elementor-element-8bc3206 elementor-widget elementor-widget-text-editor\" data-id=\"8bc3206\" data-element_type=\"widget\" data-e-type=\"widget\" data-widget_type=\"text-editor.default\">\n\t\t\t\t<div class=\"elementor-widget-container\">\n\t\t\t\t\t\t\t\t\t<p>D\u00e9couvrez quelques r\u00e9alisations d&rsquo;un stage modelage suivi d&rsquo;un stage raku.<\/p>\t\t\t\t\t\t\t\t<\/div>\n\t\t\t\t<\/div>\n\t\t\t\t<div class=\"elementor-element elementor-element-f078f10 elementor-widget elementor-widget-spacer\" data-id=\"f078f10\" data-element_type=\"widget\" data-e-type=\"widget\" data-widget_type=\"spacer.default\">\n\t\t\t\t<div class=\"elementor-widget-container\">\n\t\t\t\t\t\t\t<div class=\"elementor-spacer\">\n\t\t\t<div class=\"elementor-spacer-inner\"><\/div>\n\t\t<\/div>\n\t\t\t\t\t\t<\/div>\n\t\t\t\t<\/div>\n\t\t\t\t<div class=\"elementor-element elementor-element-211fe80 elementor-align-center elementor-widget elementor-widget-button\" data-id=\"211fe80\" data-element_type=\"widget\" data-e-type=\"widget\" data-widget_type=\"button.default\">\n\t\t\t\t<div class=\"elementor-widget-container\">\n\t\t\t\t\t\t\t\t\t<div class=\"elementor-button-wrapper\">\n\t\t\t\t\t<a class=\"elementor-button elementor-button-link elementor-size-sm\" href=\"https:\/\/isabellebourgne.com\/index.php\/la-technique-du-raku\/\">\n\t\t\t\t\t\t<span class=\"elementor-button-content-wrapper\">\n\t\t\t\t\t\t\t\t\t<span class=\"elementor-button-text\">La technique du Raku en d\u00e9tail<\/span>\n\t\t\t\t\t<\/span>\n\t\t\t\t\t<\/a>\n\t\t\t\t<\/div>\n\t\t\t\t\t\t\t\t<\/div>\n\t\t\t\t<\/div>\n\t\t\t\t<\/div>\n\t\t<div class=\"elementor-element elementor-element-c214e4f e-con-full e-flex e-con e-child\" data-id=\"c214e4f\" data-element_type=\"container\" data-e-type=\"container\">\n\t\t\t\t<div class=\"elementor-element elementor-element-6a298a3 elementor-arrows-position-inside elementor-pagination-position-outside elementor-widget elementor-widget-image-carousel\" data-id=\"6a298a3\" data-element_type=\"widget\" data-e-type=\"widget\" data-settings=\"{&quot;navigation&quot;:&quot;both&quot;,&quot;autoplay&quot;:&quot;yes&quot;,&quot;pause_on_hover&quot;:&quot;yes&quot;,&quot;pause_on_interaction&quot;:&quot;yes&quot;,&quot;autoplay_speed&quot;:5000,&quot;infinite&quot;:&quot;yes&quot;,&quot;speed&quot;:500}\" data-widget_type=\"image-carousel.default\">\n\t\t\t\t<div class=\"elementor-widget-container\">\n\t\t\t\t\t\t\t<div class=\"elementor-image-carousel-wrapper swiper\" role=\"region\" aria-roledescription=\"carousel\" aria-label=\"Carrousel d\u2019images\" dir=\"ltr\">\n\t\t\t<div class=\"elementor-image-carousel swiper-wrapper\" aria-live=\"off\">\n\t\t\t\t\t\t\t\t<div class=\"swiper-slide\" role=\"group\" aria-roledescription=\"slide\" aria-label=\"1 sur 6\"><figure class=\"swiper-slide-inner\"><img decoding=\"async\" class=\"swiper-slide-image\" src=\"https:\/\/isabellebourgne.com\/wp-content\/uploads\/2024\/02\/realisation-stage-modelage-raku-sculptrice-isabelle-bourgne.jpg\" alt=\"r\u00e9alisation stage modelage raku sculptrice isabelle bourgne\" \/><\/figure><\/div><div class=\"swiper-slide\" role=\"group\" aria-roledescription=\"slide\" aria-label=\"2 sur 6\"><figure class=\"swiper-slide-inner\"><img decoding=\"async\" class=\"swiper-slide-image\" src=\"https:\/\/isabellebourgne.com\/wp-content\/uploads\/2024\/02\/realisation-femme-liseuse-stage-modelage-raku-sculptrice-isabelle-bourgne.jpg\" alt=\"r\u00e9alisation femme liseuse stage modelage raku sculptrice isabelle bourgne\" \/><\/figure><\/div><div class=\"swiper-slide\" role=\"group\" aria-roledescription=\"slide\" aria-label=\"3 sur 6\"><figure class=\"swiper-slide-inner\"><img decoding=\"async\" class=\"swiper-slide-image\" src=\"https:\/\/isabellebourgne.com\/wp-content\/uploads\/2024\/02\/realisation-boudha-stage-modelage-raku-sculptrice-isabelle-bourgne.jpg\" alt=\"r\u00e9alisation boudha stage modelage raku sculptrice isabelle bourgne\" \/><\/figure><\/div><div class=\"swiper-slide\" role=\"group\" aria-roledescription=\"slide\" aria-label=\"4 sur 6\"><figure class=\"swiper-slide-inner\"><img decoding=\"async\" class=\"swiper-slide-image\" src=\"https:\/\/isabellebourgne.com\/wp-content\/uploads\/2024\/02\/realisation-baigneuses-stage-modelage-raku-sculptrice-isabelle-bourgne.jpg\" alt=\"r\u00e9alisation baigneuses stage modelage raku sculptrice isabelle bourgne\" \/><\/figure><\/div><div class=\"swiper-slide\" role=\"group\" aria-roledescription=\"slide\" aria-label=\"5 sur 6\"><figure class=\"swiper-slide-inner\"><img decoding=\"async\" class=\"swiper-slide-image\" src=\"https:\/\/isabellebourgne.com\/wp-content\/uploads\/2024\/02\/realisation-boudha-rond-stage-modelage-raku-sculptrice-isabelle-bourgne.jpg\" alt=\"r\u00e9alisation boudha rond stage modelage raku sculptrice isabelle bourgne\" \/><\/figure><\/div><div class=\"swiper-slide\" role=\"group\" aria-roledescription=\"slide\" aria-label=\"6 sur 6\"><figure class=\"swiper-slide-inner\"><img decoding=\"async\" class=\"swiper-slide-image\" src=\"https:\/\/isabellebourgne.com\/wp-content\/uploads\/2024\/02\/realisation-chien-stage-modelage-raku-sculptrice-isabelle-bourgne.jpg\" alt=\"r\u00e9alisation chien stage modelage raku sculptrice isabelle bourgne\" \/><\/figure><\/div>\t\t\t<\/div>\n\t\t\t\t\t\t\t\t\t\t\t\t<div class=\"elementor-swiper-button elementor-swiper-button-prev\" role=\"button\" tabindex=\"0\">\n\t\t\t\t\t\t<svg aria-hidden=\"true\" class=\"e-font-icon-svg e-eicon-chevron-left\" viewBox=\"0 0 1000 1000\" xmlns=\"http:\/\/www.w3.org\/2000\/svg\"><path d=\"M646 125C629 125 613 133 604 142L308 442C296 454 292 471 292 487 292 504 296 521 308 533L604 854C617 867 629 875 646 875 663 875 679 871 692 858 704 846 713 829 713 812 713 796 708 779 692 767L438 487 692 225C700 217 708 204 708 187 708 171 704 154 692 142 675 129 663 125 646 125Z\"><\/path><\/svg>\t\t\t\t\t<\/div>\n\t\t\t\t\t<div class=\"elementor-swiper-button elementor-swiper-button-next\" role=\"button\" tabindex=\"0\">\n\t\t\t\t\t\t<svg aria-hidden=\"true\" class=\"e-font-icon-svg e-eicon-chevron-right\" viewBox=\"0 0 1000 1000\" xmlns=\"http:\/\/www.w3.org\/2000\/svg\"><path d=\"M696 533C708 521 713 504 713 487 713 471 708 454 696 446L400 146C388 133 375 125 354 125 338 125 325 129 313 142 300 154 292 171 292 187 292 204 296 221 308 233L563 492 304 771C292 783 288 800 288 817 288 833 296 850 308 863 321 871 338 875 354 875 371 875 388 867 400 854L696 533Z\"><\/path><\/svg>\t\t\t\t\t<\/div>\n\t\t\t\t\n\t\t\t\t\t\t\t\t\t<div class=\"swiper-pagination\"><\/div>\n\t\t\t\t\t\t\t\t\t<\/div>\n\t\t\t\t\t\t<\/div>\n\t\t\t\t<\/div>\n\t\t\t\t<\/div>\n\t\t\t\t<\/div>\n\t\t<div class=\"elementor-element elementor-element-40b1ff5 e-con-full e-flex e-con e-parent\" data-id=\"40b1ff5\" data-element_type=\"container\" data-e-type=\"container\">\n\t\t\t\t<div class=\"elementor-element elementor-element-9a2060f elementor-widget elementor-widget-spacer\" data-id=\"9a2060f\" data-element_type=\"widget\" data-e-type=\"widget\" data-widget_type=\"spacer.default\">\n\t\t\t\t<div class=\"elementor-widget-container\">\n\t\t\t\t\t\t\t<div class=\"elementor-spacer\">\n\t\t\t<div class=\"elementor-spacer-inner\"><\/div>\n\t\t<\/div>\n\t\t\t\t\t\t<\/div>\n\t\t\t\t<\/div>\n\t\t\t\t<\/div>\n\t\t\t\t<\/div>\n\t\t","protected":false},"excerpt":{"rendered":"<p>Stages d&rsquo;initiation au Modelage \u00ab\u00a0Et si vous vous retrouviez autour d&rsquo;un pain de terre ?\u00a0\u00bb Je vous invite \u00e0 d\u00e9couvrir les dates des ateliers si vous souhaitez vous initier au modelage.\u00a0Tous niveaux accept\u00e9s. Programme type de la journ\u00e9e : Accueil, pr\u00e9sentation Choix du mod\u00e8le Explications des r\u00e8gles de base du modelage Accompagnement En fonction du&#8230;<\/p>\n","protected":false},"author":1,"featured_media":0,"parent":0,"menu_order":0,"comment_status":"closed","ping_status":"closed","template":"","meta":{"_kad_post_transparent":"","_kad_post_title":"hide","_kad_post_layout":"fullwidth","_kad_post_sidebar_id":"","_kad_post_content_style":"unboxed","_kad_post_vertical_padding":"hide","_kad_post_feature":"hide","_kad_post_feature_position":"","_kad_post_header":false,"_kad_post_footer":false,"_kad_post_classname":"","footnotes":""},"class_list":["post-36","page","type-page","status-publish","hentry"],"_links":{"self":[{"href":"https:\/\/isabellebourgne.com\/index.php\/wp-json\/wp\/v2\/pages\/36","targetHints":{"allow":["GET"]}}],"collection":[{"href":"https:\/\/isabellebourgne.com\/index.php\/wp-json\/wp\/v2\/pages"}],"about":[{"href":"https:\/\/isabellebourgne.com\/index.php\/wp-json\/wp\/v2\/types\/page"}],"author":[{"embeddable":true,"href":"https:\/\/isabellebourgne.com\/index.php\/wp-json\/wp\/v2\/users\/1"}],"replies":[{"embeddable":true,"href":"https:\/\/isabellebourgne.com\/index.php\/wp-json\/wp\/v2\/comments?post=36"}],"version-history":[{"count":83,"href":"https:\/\/isabellebourgne.com\/index.php\/wp-json\/wp\/v2\/pages\/36\/revisions"}],"predecessor-version":[{"id":2609,"href":"https:\/\/isabellebourgne.com\/index.php\/wp-json\/wp\/v2\/pages\/36\/revisions\/2609"}],"wp:attachment":[{"href":"https:\/\/isabellebourgne.com\/index.php\/wp-json\/wp\/v2\/media?parent=36"}],"curies":[{"name":"wp","href":"https:\/\/api.w.org\/{rel}","templated":true}]}}