{"id":38,"date":"2024-01-08T15:31:10","date_gmt":"2024-01-08T14:31:10","guid":{"rendered":"https:\/\/isabellebourgne.com\/?page_id=38"},"modified":"2024-03-21T13:50:12","modified_gmt":"2024-03-21T12:50:12","slug":"a-propos-de-moi","status":"publish","type":"page","link":"https:\/\/isabellebourgne.com\/index.php\/a-propos-de-moi\/","title":{"rendered":"A propos de moi"},"content":{"rendered":"\t\t<div data-elementor-type=\"wp-page\" data-elementor-id=\"38\" class=\"elementor elementor-38\">\n\t\t\t\t<div class=\"elementor-element elementor-element-20e042c e-con-full e-flex e-con e-parent\" data-id=\"20e042c\" data-element_type=\"container\" data-e-type=\"container\">\n\t\t\t\t<div class=\"elementor-element elementor-element-49c36b0 elementor-widget elementor-widget-spacer\" data-id=\"49c36b0\" data-element_type=\"widget\" data-e-type=\"widget\" data-widget_type=\"spacer.default\">\n\t\t\t\t<div class=\"elementor-widget-container\">\n\t\t\t\t\t\t\t<div class=\"elementor-spacer\">\n\t\t\t<div class=\"elementor-spacer-inner\"><\/div>\n\t\t<\/div>\n\t\t\t\t\t\t<\/div>\n\t\t\t\t<\/div>\n\t\t\t\t<\/div>\n\t\t<div class=\"elementor-element elementor-element-3993004 e-con-full e-flex e-con e-parent\" data-id=\"3993004\" data-element_type=\"container\" data-e-type=\"container\" data-settings=\"{&quot;background_background&quot;:&quot;classic&quot;}\">\n\t\t\t\t<div class=\"elementor-element elementor-element-fa78374 elementor-widget elementor-widget-spacer\" data-id=\"fa78374\" data-element_type=\"widget\" data-e-type=\"widget\" data-widget_type=\"spacer.default\">\n\t\t\t\t<div class=\"elementor-widget-container\">\n\t\t\t\t\t\t\t<div class=\"elementor-spacer\">\n\t\t\t<div class=\"elementor-spacer-inner\"><\/div>\n\t\t<\/div>\n\t\t\t\t\t\t<\/div>\n\t\t\t\t<\/div>\n\t\t\t\t<div class=\"elementor-element elementor-element-779069d elementor-widget__width-inherit elementor-widget elementor-widget-heading\" data-id=\"779069d\" data-element_type=\"widget\" data-e-type=\"widget\" data-widget_type=\"heading.default\">\n\t\t\t\t<div class=\"elementor-widget-container\">\n\t\t\t\t\t<h2 class=\"elementor-heading-title elementor-size-large\">Mon histoire <\/h2>\t\t\t\t<\/div>\n\t\t\t\t<\/div>\n\t\t\t\t<div class=\"elementor-element elementor-element-09eefe6 elementor-widget elementor-widget-heading\" data-id=\"09eefe6\" data-element_type=\"widget\" data-e-type=\"widget\" data-widget_type=\"heading.default\">\n\t\t\t\t<div class=\"elementor-widget-container\">\n\t\t\t\t\t<h2 class=\"elementor-heading-title elementor-size-default\">D\u00e9couvrez mon parcours ainsi que mon univers de cr\u00e9atrice passionn\u00e9e.<\/h2>\t\t\t\t<\/div>\n\t\t\t\t<\/div>\n\t\t\t\t<\/div>\n\t\t<div class=\"elementor-element elementor-element-867da91 e-flex e-con-boxed e-con e-parent\" data-id=\"867da91\" data-element_type=\"container\" data-e-type=\"container\">\n\t\t\t\t\t<div class=\"e-con-inner\">\n\t\t<div class=\"elementor-element elementor-element-63bd4f0 e-con-full e-flex e-con e-child\" data-id=\"63bd4f0\" data-element_type=\"container\" data-e-type=\"container\">\n\t\t\t\t<div class=\"elementor-element elementor-element-4dd0352 elementor-widget elementor-widget-image\" data-id=\"4dd0352\" data-element_type=\"widget\" data-e-type=\"widget\" data-widget_type=\"image.default\">\n\t\t\t\t<div class=\"elementor-widget-container\">\n\t\t\t\t\t\t\t\t\t\t\t\t\t\t\t<img fetchpriority=\"high\" decoding=\"async\" width=\"1024\" height=\"1024\" src=\"https:\/\/isabellebourgne.com\/wp-content\/uploads\/2024\/02\/atelier-sculpture-modelage-isabelle-bourgne-sculptrice-artiste-creatrice-seine-et-marne-chat-photo-1024x1024.jpg\" class=\"attachment-large size-large wp-image-1432\" alt=\"atelier sculpture modelage isabelle bourgne sculptrice artiste cr\u00e9atrice seine et marne chat photo\" srcset=\"https:\/\/isabellebourgne.com\/wp-content\/uploads\/2024\/02\/atelier-sculpture-modelage-isabelle-bourgne-sculptrice-artiste-creatrice-seine-et-marne-chat-photo-1024x1024.jpg 1024w, https:\/\/isabellebourgne.com\/wp-content\/uploads\/2024\/02\/atelier-sculpture-modelage-isabelle-bourgne-sculptrice-artiste-creatrice-seine-et-marne-chat-photo-300x300.jpg 300w, https:\/\/isabellebourgne.com\/wp-content\/uploads\/2024\/02\/atelier-sculpture-modelage-isabelle-bourgne-sculptrice-artiste-creatrice-seine-et-marne-chat-photo-150x150.jpg 150w, https:\/\/isabellebourgne.com\/wp-content\/uploads\/2024\/02\/atelier-sculpture-modelage-isabelle-bourgne-sculptrice-artiste-creatrice-seine-et-marne-chat-photo-768x768.jpg 768w, https:\/\/isabellebourgne.com\/wp-content\/uploads\/2024\/02\/atelier-sculpture-modelage-isabelle-bourgne-sculptrice-artiste-creatrice-seine-et-marne-chat-photo.jpg 1335w\" sizes=\"(max-width: 1024px) 100vw, 1024px\" \/>\t\t\t\t\t\t\t\t\t\t\t\t\t\t\t<\/div>\n\t\t\t\t<\/div>\n\t\t\t\t<\/div>\n\t\t<div class=\"elementor-element elementor-element-b996fcb e-con-full e-flex e-con e-child\" data-id=\"b996fcb\" data-element_type=\"container\" data-e-type=\"container\">\n\t\t\t\t<div class=\"elementor-element elementor-element-5519606 elementor-view-default elementor-widget elementor-widget-icon\" data-id=\"5519606\" data-element_type=\"widget\" data-e-type=\"widget\" data-widget_type=\"icon.default\">\n\t\t\t\t<div class=\"elementor-widget-container\">\n\t\t\t\t\t\t\t<div class=\"elementor-icon-wrapper\">\n\t\t\t<div class=\"elementor-icon\">\n\t\t\t<svg aria-hidden=\"true\" class=\"e-font-icon-svg e-fas-quote-left\" viewBox=\"0 0 512 512\" xmlns=\"http:\/\/www.w3.org\/2000\/svg\"><path d=\"M464 256h-80v-64c0-35.3 28.7-64 64-64h8c13.3 0 24-10.7 24-24V56c0-13.3-10.7-24-24-24h-8c-88.4 0-160 71.6-160 160v240c0 26.5 21.5 48 48 48h128c26.5 0 48-21.5 48-48V304c0-26.5-21.5-48-48-48zm-288 0H96v-64c0-35.3 28.7-64 64-64h8c13.3 0 24-10.7 24-24V56c0-13.3-10.7-24-24-24h-8C71.6 32 0 103.6 0 192v240c0 26.5 21.5 48 48 48h128c26.5 0 48-21.5 48-48V304c0-26.5-21.5-48-48-48z\"><\/path><\/svg>\t\t\t<\/div>\n\t\t<\/div>\n\t\t\t\t\t\t<\/div>\n\t\t\t\t<\/div>\n\t\t\t\t<div class=\"elementor-element elementor-element-fdbf1b0 elementor-widget elementor-widget-text-editor\" data-id=\"fdbf1b0\" data-element_type=\"widget\" data-e-type=\"widget\" data-widget_type=\"text-editor.default\">\n\t\t\t\t<div class=\"elementor-widget-container\">\n\t\t\t\t\t\t\t\t\t<p>Je m&rsquo;appelle Isabelle Bourgne, passionn\u00e9e par le modelage, la sculpture et le raku. J&rsquo;aime la mise en volume des pi\u00e8ces, donner vie \u00e0 mes id\u00e9es et allier la nature \u00e0 la mati\u00e8re brute de la terre.<\/p>\t\t\t\t\t\t\t\t<\/div>\n\t\t\t\t<\/div>\n\t\t\t\t<div class=\"elementor-element elementor-element-1d4e4db elementor-view-default elementor-widget elementor-widget-icon\" data-id=\"1d4e4db\" data-element_type=\"widget\" data-e-type=\"widget\" data-widget_type=\"icon.default\">\n\t\t\t\t<div class=\"elementor-widget-container\">\n\t\t\t\t\t\t\t<div class=\"elementor-icon-wrapper\">\n\t\t\t<div class=\"elementor-icon\">\n\t\t\t<svg aria-hidden=\"true\" class=\"e-font-icon-svg e-fas-quote-right\" viewBox=\"0 0 512 512\" xmlns=\"http:\/\/www.w3.org\/2000\/svg\"><path d=\"M464 32H336c-26.5 0-48 21.5-48 48v128c0 26.5 21.5 48 48 48h80v64c0 35.3-28.7 64-64 64h-8c-13.3 0-24 10.7-24 24v48c0 13.3 10.7 24 24 24h8c88.4 0 160-71.6 160-160V80c0-26.5-21.5-48-48-48zm-288 0H48C21.5 32 0 53.5 0 80v128c0 26.5 21.5 48 48 48h80v64c0 35.3-28.7 64-64 64h-8c-13.3 0-24 10.7-24 24v48c0 13.3 10.7 24 24 24h8c88.4 0 160-71.6 160-160V80c0-26.5-21.5-48-48-48z\"><\/path><\/svg>\t\t\t<\/div>\n\t\t<\/div>\n\t\t\t\t\t\t<\/div>\n\t\t\t\t<\/div>\n\t\t\t\t<\/div>\n\t\t<div class=\"elementor-element elementor-element-1cee818 e-con-full e-flex e-con e-child\" data-id=\"1cee818\" data-element_type=\"container\" data-e-type=\"container\">\n\t\t\t\t<div class=\"elementor-element elementor-element-46dc864 elementor-widget elementor-widget-image\" data-id=\"46dc864\" data-element_type=\"widget\" data-e-type=\"widget\" data-widget_type=\"image.default\">\n\t\t\t\t<div class=\"elementor-widget-container\">\n\t\t\t\t\t\t\t\t\t\t\t\t\t\t\t<img decoding=\"async\" width=\"1024\" height=\"1024\" src=\"https:\/\/isabellebourgne.com\/wp-content\/uploads\/2024\/02\/Isabelle-Bourgne-sculptrice-artiste-mon-histoire-creatrice-raku-sculpture-1024x1024.jpg\" class=\"attachment-large size-large wp-image-1412\" alt=\"Isabelle Bourgne sculptrice artiste mon histoire cr\u00e9atrice raku sculpture\" srcset=\"https:\/\/isabellebourgne.com\/wp-content\/uploads\/2024\/02\/Isabelle-Bourgne-sculptrice-artiste-mon-histoire-creatrice-raku-sculpture-1024x1024.jpg 1024w, https:\/\/isabellebourgne.com\/wp-content\/uploads\/2024\/02\/Isabelle-Bourgne-sculptrice-artiste-mon-histoire-creatrice-raku-sculpture-300x300.jpg 300w, https:\/\/isabellebourgne.com\/wp-content\/uploads\/2024\/02\/Isabelle-Bourgne-sculptrice-artiste-mon-histoire-creatrice-raku-sculpture-150x150.jpg 150w, https:\/\/isabellebourgne.com\/wp-content\/uploads\/2024\/02\/Isabelle-Bourgne-sculptrice-artiste-mon-histoire-creatrice-raku-sculpture-768x768.jpg 768w, https:\/\/isabellebourgne.com\/wp-content\/uploads\/2024\/02\/Isabelle-Bourgne-sculptrice-artiste-mon-histoire-creatrice-raku-sculpture-1536x1536.jpg 1536w, https:\/\/isabellebourgne.com\/wp-content\/uploads\/2024\/02\/Isabelle-Bourgne-sculptrice-artiste-mon-histoire-creatrice-raku-sculpture.jpg 1600w\" sizes=\"(max-width: 1024px) 100vw, 1024px\" \/>\t\t\t\t\t\t\t\t\t\t\t\t\t\t\t<\/div>\n\t\t\t\t<\/div>\n\t\t\t\t<\/div>\n\t\t\t\t\t<\/div>\n\t\t\t\t<\/div>\n\t\t<div class=\"elementor-element elementor-element-3e70597 e-con-full e-flex e-con e-parent\" data-id=\"3e70597\" data-element_type=\"container\" data-e-type=\"container\" data-settings=\"{&quot;background_background&quot;:&quot;classic&quot;}\">\n\t\t\t\t<div class=\"elementor-element elementor-element-37cb8e4 elementor-widget elementor-widget-spacer\" data-id=\"37cb8e4\" data-element_type=\"widget\" data-e-type=\"widget\" data-widget_type=\"spacer.default\">\n\t\t\t\t<div class=\"elementor-widget-container\">\n\t\t\t\t\t\t\t<div class=\"elementor-spacer\">\n\t\t\t<div class=\"elementor-spacer-inner\"><\/div>\n\t\t<\/div>\n\t\t\t\t\t\t<\/div>\n\t\t\t\t<\/div>\n\t\t<div class=\"elementor-element elementor-element-692a374 e-con-full e-flex e-con e-child\" data-id=\"692a374\" data-element_type=\"container\" data-e-type=\"container\" data-settings=\"{&quot;background_background&quot;:&quot;classic&quot;}\">\n\t\t\t\t<div class=\"elementor-element elementor-element-622fde2 elementor-widget elementor-widget-spacer\" data-id=\"622fde2\" data-element_type=\"widget\" data-e-type=\"widget\" data-widget_type=\"spacer.default\">\n\t\t\t\t<div class=\"elementor-widget-container\">\n\t\t\t\t\t\t\t<div class=\"elementor-spacer\">\n\t\t\t<div class=\"elementor-spacer-inner\"><\/div>\n\t\t<\/div>\n\t\t\t\t\t\t<\/div>\n\t\t\t\t<\/div>\n\t\t\t\t<div class=\"elementor-element elementor-element-6daebf0 elementor-widget elementor-widget-heading\" data-id=\"6daebf0\" data-element_type=\"widget\" data-e-type=\"widget\" data-widget_type=\"heading.default\">\n\t\t\t\t<div class=\"elementor-widget-container\">\n\t\t\t\t\t<h2 class=\"elementor-heading-title elementor-size-default\">Mon parcours<\/h2>\t\t\t\t<\/div>\n\t\t\t\t<\/div>\n\t\t\t\t<div class=\"elementor-element elementor-element-763a53a elementor-widget elementor-widget-spacer\" data-id=\"763a53a\" data-element_type=\"widget\" data-e-type=\"widget\" data-widget_type=\"spacer.default\">\n\t\t\t\t<div class=\"elementor-widget-container\">\n\t\t\t\t\t\t\t<div class=\"elementor-spacer\">\n\t\t\t<div class=\"elementor-spacer-inner\"><\/div>\n\t\t<\/div>\n\t\t\t\t\t\t<\/div>\n\t\t\t\t<\/div>\n\t\t\t\t<div class=\"elementor-element elementor-element-7c84d80 elementor-widget elementor-widget-text-editor\" data-id=\"7c84d80\" data-element_type=\"widget\" data-e-type=\"widget\" data-widget_type=\"text-editor.default\">\n\t\t\t\t<div class=\"elementor-widget-container\">\n\t\t\t\t\t\t\t\t\t<p>D&rsquo;aussi loin que je me souvienne, j&rsquo;ai toujours \u00e9t\u00e9 attir\u00e9e par le dessin puis, plus particuli\u00e8rement par la peinture \u00e0 l&rsquo;huile. Apr\u00e8s un bac litt\u00e9raire, j&rsquo;obtiens un <strong>dipl\u00f4me de stylisme mod\u00e9lisme<\/strong> et je poursuis avec un <strong>formation de dessin textile et mosa\u00efque traditionnelle.<\/strong>&nbsp;<\/p>\n<p>En 2004, j&rsquo;int\u00e8gre un atelier de sculpture et de poterie \u00e0 Cesson, commune de Seine-et-marne. C&rsquo;est dans cet atelier que je d\u00e9couvre la technique du Raku, une passion qui ne me quitte pas depuis ! J&rsquo;y animerai pendant 5 ans des ateliers pour enfants et adultes.<\/p>\n<p>Aujourd&rsquo;hui, c&rsquo;est dans mon atelier en Seine et Marne, que je d\u00e9veloppe mon travail de la terre, souvent inspir\u00e9e par la beaut\u00e9 de la nature, de la cr\u00e9ation d\u00e9co aux sculptures animali\u00e8res. Je m&rsquo;y amuse et m&rsquo;y \u00e9vade et je vous invite avec plaisir \u00e0 d\u00e9couvrir mon univers.<\/p>\t\t\t\t\t\t\t\t<\/div>\n\t\t\t\t<\/div>\n\t\t\t\t<\/div>\n\t\t\t\t<div class=\"elementor-element elementor-element-6796090 elementor-widget elementor-widget-spacer\" data-id=\"6796090\" data-element_type=\"widget\" data-e-type=\"widget\" data-widget_type=\"spacer.default\">\n\t\t\t\t<div class=\"elementor-widget-container\">\n\t\t\t\t\t\t\t<div class=\"elementor-spacer\">\n\t\t\t<div class=\"elementor-spacer-inner\"><\/div>\n\t\t<\/div>\n\t\t\t\t\t\t<\/div>\n\t\t\t\t<\/div>\n\t\t<div class=\"elementor-element elementor-element-ec4ffb7 e-con-full e-flex e-con e-child\" data-id=\"ec4ffb7\" data-element_type=\"container\" data-e-type=\"container\" data-settings=\"{&quot;background_background&quot;:&quot;classic&quot;}\">\n\t\t\t\t<div class=\"elementor-element elementor-element-0de3109 elementor-widget elementor-widget-image\" data-id=\"0de3109\" data-element_type=\"widget\" data-e-type=\"widget\" data-widget_type=\"image.default\">\n\t\t\t\t<div class=\"elementor-widget-container\">\n\t\t\t\t\t\t\t\t\t\t\t\t\t\t\t<img decoding=\"async\" width=\"1600\" height=\"1600\" src=\"https:\/\/isabellebourgne.com\/wp-content\/uploads\/2024\/02\/creation-modelage-sculpture-hippopotame-isabelle-bourgne-sculptrice.jpg\" class=\"attachment-full size-full wp-image-1425\" alt=\"cr\u00e9ation modelage sculpture hippopotame isabelle bourgne sculptrice\" srcset=\"https:\/\/isabellebourgne.com\/wp-content\/uploads\/2024\/02\/creation-modelage-sculpture-hippopotame-isabelle-bourgne-sculptrice.jpg 1600w, https:\/\/isabellebourgne.com\/wp-content\/uploads\/2024\/02\/creation-modelage-sculpture-hippopotame-isabelle-bourgne-sculptrice-300x300.jpg 300w, https:\/\/isabellebourgne.com\/wp-content\/uploads\/2024\/02\/creation-modelage-sculpture-hippopotame-isabelle-bourgne-sculptrice-1024x1024.jpg 1024w, https:\/\/isabellebourgne.com\/wp-content\/uploads\/2024\/02\/creation-modelage-sculpture-hippopotame-isabelle-bourgne-sculptrice-150x150.jpg 150w, https:\/\/isabellebourgne.com\/wp-content\/uploads\/2024\/02\/creation-modelage-sculpture-hippopotame-isabelle-bourgne-sculptrice-768x768.jpg 768w, https:\/\/isabellebourgne.com\/wp-content\/uploads\/2024\/02\/creation-modelage-sculpture-hippopotame-isabelle-bourgne-sculptrice-1536x1536.jpg 1536w\" sizes=\"(max-width: 1600px) 100vw, 1600px\" \/>\t\t\t\t\t\t\t\t\t\t\t\t\t\t\t<\/div>\n\t\t\t\t<\/div>\n\t\t\t\t<\/div>\n\t\t\t\t<\/div>\n\t\t<div class=\"elementor-element elementor-element-65c9f00 e-con-full e-flex e-con e-parent\" data-id=\"65c9f00\" data-element_type=\"container\" data-e-type=\"container\">\n\t\t\t\t<div class=\"elementor-element elementor-element-beb3742 elementor-widget elementor-widget-spacer\" data-id=\"beb3742\" data-element_type=\"widget\" data-e-type=\"widget\" data-widget_type=\"spacer.default\">\n\t\t\t\t<div class=\"elementor-widget-container\">\n\t\t\t\t\t\t\t<div class=\"elementor-spacer\">\n\t\t\t<div class=\"elementor-spacer-inner\"><\/div>\n\t\t<\/div>\n\t\t\t\t\t\t<\/div>\n\t\t\t\t<\/div>\n\t\t\t\t<div class=\"elementor-element elementor-element-a7cbd7b elementor-widget elementor-widget-heading\" data-id=\"a7cbd7b\" data-element_type=\"widget\" data-e-type=\"widget\" data-widget_type=\"heading.default\">\n\t\t\t\t<div class=\"elementor-widget-container\">\n\t\t\t\t\t<h2 class=\"elementor-heading-title elementor-size-default\">Mon univers : mon atelier  bas\u00e9 en Seine-et-Marne.<\/h2>\t\t\t\t<\/div>\n\t\t\t\t<\/div>\n\t\t\t\t<div class=\"elementor-element elementor-element-72abfef elementor-arrows-position-inside elementor-pagination-position-outside elementor-widget elementor-widget-image-carousel\" data-id=\"72abfef\" data-element_type=\"widget\" data-e-type=\"widget\" data-settings=\"{&quot;navigation&quot;:&quot;both&quot;,&quot;autoplay&quot;:&quot;yes&quot;,&quot;pause_on_hover&quot;:&quot;yes&quot;,&quot;pause_on_interaction&quot;:&quot;yes&quot;,&quot;autoplay_speed&quot;:5000,&quot;infinite&quot;:&quot;yes&quot;,&quot;speed&quot;:500}\" data-widget_type=\"image-carousel.default\">\n\t\t\t\t<div class=\"elementor-widget-container\">\n\t\t\t\t\t\t\t<div class=\"elementor-image-carousel-wrapper swiper\" role=\"region\" aria-roledescription=\"carousel\" aria-label=\"Carrousel d\u2019images\" dir=\"ltr\">\n\t\t\t<div class=\"elementor-image-carousel swiper-wrapper swiper-image-stretch\" aria-live=\"off\">\n\t\t\t\t\t\t\t\t<div class=\"swiper-slide\" role=\"group\" aria-roledescription=\"slide\" aria-label=\"1 sur 4\"><figure class=\"swiper-slide-inner\"><img decoding=\"async\" class=\"swiper-slide-image\" src=\"https:\/\/isabellebourgne.com\/wp-content\/uploads\/2024\/01\/Atelier-Isabelle-Bourgne-Sculptrice-raku.png\" alt=\"Terre cuite atelier Isabelle Bourgne sculptrice sp\u00e9cialiste Raku et \u00e9maillage\" \/><\/figure><\/div><div class=\"swiper-slide\" role=\"group\" aria-roledescription=\"slide\" aria-label=\"2 sur 4\"><figure class=\"swiper-slide-inner\"><img decoding=\"async\" class=\"swiper-slide-image\" src=\"https:\/\/isabellebourgne.com\/wp-content\/uploads\/2024\/01\/2.png\" alt=\"Terre cuite atelier Isabelle Bourgne sculptrice sp\u00e9cialiste Raku et \u00e9maillage\" \/><\/figure><\/div><div class=\"swiper-slide\" role=\"group\" aria-roledescription=\"slide\" aria-label=\"3 sur 4\"><figure class=\"swiper-slide-inner\"><img decoding=\"async\" class=\"swiper-slide-image\" src=\"https:\/\/isabellebourgne.com\/wp-content\/uploads\/2024\/01\/3.png\" alt=\"Terre cuite atelier Isabelle Bourgne sculptrice sp\u00e9cialiste Raku et \u00e9maillage\" \/><\/figure><\/div><div class=\"swiper-slide\" role=\"group\" aria-roledescription=\"slide\" aria-label=\"4 sur 4\"><figure class=\"swiper-slide-inner\"><img decoding=\"async\" class=\"swiper-slide-image\" src=\"https:\/\/isabellebourgne.com\/wp-content\/uploads\/2024\/01\/1.png\" alt=\"Terre cuite atelier Isabelle Bourgne sculptrice sp\u00e9cialiste Raku et \u00e9maillage\" \/><\/figure><\/div>\t\t\t<\/div>\n\t\t\t\t\t\t\t\t\t\t\t\t<div class=\"elementor-swiper-button elementor-swiper-button-prev\" role=\"button\" tabindex=\"0\">\n\t\t\t\t\t\t<svg aria-hidden=\"true\" class=\"e-font-icon-svg e-eicon-chevron-left\" viewBox=\"0 0 1000 1000\" xmlns=\"http:\/\/www.w3.org\/2000\/svg\"><path d=\"M646 125C629 125 613 133 604 142L308 442C296 454 292 471 292 487 292 504 296 521 308 533L604 854C617 867 629 875 646 875 663 875 679 871 692 858 704 846 713 829 713 812 713 796 708 779 692 767L438 487 692 225C700 217 708 204 708 187 708 171 704 154 692 142 675 129 663 125 646 125Z\"><\/path><\/svg>\t\t\t\t\t<\/div>\n\t\t\t\t\t<div class=\"elementor-swiper-button elementor-swiper-button-next\" role=\"button\" tabindex=\"0\">\n\t\t\t\t\t\t<svg aria-hidden=\"true\" class=\"e-font-icon-svg e-eicon-chevron-right\" viewBox=\"0 0 1000 1000\" xmlns=\"http:\/\/www.w3.org\/2000\/svg\"><path d=\"M696 533C708 521 713 504 713 487 713 471 708 454 696 446L400 146C388 133 375 125 354 125 338 125 325 129 313 142 300 154 292 171 292 187 292 204 296 221 308 233L563 492 304 771C292 783 288 800 288 817 288 833 296 850 308 863 321 871 338 875 354 875 371 875 388 867 400 854L696 533Z\"><\/path><\/svg>\t\t\t\t\t<\/div>\n\t\t\t\t\n\t\t\t\t\t\t\t\t\t<div class=\"swiper-pagination\"><\/div>\n\t\t\t\t\t\t\t\t\t<\/div>\n\t\t\t\t\t\t<\/div>\n\t\t\t\t<\/div>\n\t\t\t\t<div class=\"elementor-element elementor-element-e73201f elementor-align-center elementor-widget elementor-widget-button\" data-id=\"e73201f\" data-element_type=\"widget\" data-e-type=\"widget\" data-widget_type=\"button.default\">\n\t\t\t\t<div class=\"elementor-widget-container\">\n\t\t\t\t\t\t\t\t\t<div class=\"elementor-button-wrapper\">\n\t\t\t\t\t<a class=\"elementor-button elementor-button-link elementor-size-md elementor-animation-grow\" href=\"https:\/\/isabellebourgne.com\/index.php\/la-technique-du-raku\/\">\n\t\t\t\t\t\t<span class=\"elementor-button-content-wrapper\">\n\t\t\t\t\t\t\t\t\t<span class=\"elementor-button-text\">D\u00e9couvrir la technique du Raku<\/span>\n\t\t\t\t\t<\/span>\n\t\t\t\t\t<\/a>\n\t\t\t\t<\/div>\n\t\t\t\t\t\t\t\t<\/div>\n\t\t\t\t<\/div>\n\t\t\t\t<div class=\"elementor-element elementor-element-2df7944 elementor-widget elementor-widget-spacer\" data-id=\"2df7944\" data-element_type=\"widget\" data-e-type=\"widget\" data-widget_type=\"spacer.default\">\n\t\t\t\t<div class=\"elementor-widget-container\">\n\t\t\t\t\t\t\t<div class=\"elementor-spacer\">\n\t\t\t<div class=\"elementor-spacer-inner\"><\/div>\n\t\t<\/div>\n\t\t\t\t\t\t<\/div>\n\t\t\t\t<\/div>\n\t\t\t\t<\/div>\n\t\t\t\t<\/div>\n\t\t","protected":false},"excerpt":{"rendered":"<p>Mon histoire D\u00e9couvrez mon parcours ainsi que mon univers de cr\u00e9atrice passionn\u00e9e. Je m&rsquo;appelle Isabelle Bourgne, passionn\u00e9e par le modelage, la sculpture et le raku. J&rsquo;aime la mise en volume des pi\u00e8ces, donner vie \u00e0 mes id\u00e9es et allier la nature \u00e0 la mati\u00e8re brute de la terre. Mon parcours D&rsquo;aussi loin que je me&#8230;<\/p>\n","protected":false},"author":1,"featured_media":0,"parent":0,"menu_order":0,"comment_status":"closed","ping_status":"closed","template":"","meta":{"_kad_post_transparent":"","_kad_post_title":"hide","_kad_post_layout":"fullwidth","_kad_post_sidebar_id":"","_kad_post_content_style":"unboxed","_kad_post_vertical_padding":"hide","_kad_post_feature":"hide","_kad_post_feature_position":"","_kad_post_header":false,"_kad_post_footer":false,"_kad_post_classname":"","footnotes":""},"class_list":["post-38","page","type-page","status-publish","hentry"],"_links":{"self":[{"href":"https:\/\/isabellebourgne.com\/index.php\/wp-json\/wp\/v2\/pages\/38","targetHints":{"allow":["GET"]}}],"collection":[{"href":"https:\/\/isabellebourgne.com\/index.php\/wp-json\/wp\/v2\/pages"}],"about":[{"href":"https:\/\/isabellebourgne.com\/index.php\/wp-json\/wp\/v2\/types\/page"}],"author":[{"embeddable":true,"href":"https:\/\/isabellebourgne.com\/index.php\/wp-json\/wp\/v2\/users\/1"}],"replies":[{"embeddable":true,"href":"https:\/\/isabellebourgne.com\/index.php\/wp-json\/wp\/v2\/comments?post=38"}],"version-history":[{"count":148,"href":"https:\/\/isabellebourgne.com\/index.php\/wp-json\/wp\/v2\/pages\/38\/revisions"}],"predecessor-version":[{"id":2603,"href":"https:\/\/isabellebourgne.com\/index.php\/wp-json\/wp\/v2\/pages\/38\/revisions\/2603"}],"wp:attachment":[{"href":"https:\/\/isabellebourgne.com\/index.php\/wp-json\/wp\/v2\/media?parent=38"}],"curies":[{"name":"wp","href":"https:\/\/api.w.org\/{rel}","templated":true}]}}